{"id":4113,"date":"2025-04-23T12:12:54","date_gmt":"2025-04-23T12:12:54","guid":{"rendered":"https:\/\/churchwebsites.ca\/terms-and-condition\/"},"modified":"2025-10-02T11:44:35","modified_gmt":"2025-10-02T11:44:35","slug":"termes-et-conditions","status":"publish","type":"page","link":"https:\/\/churchwebsites.ca\/fr\/termes-et-conditions\/","title":{"rendered":"Conditions g\u00e9n\u00e9rales du site Web gratuit"},"content":{"rendered":"\t\t<div data-elementor-type=\"wp-page\" data-elementor-id=\"4113\" class=\"elementor elementor-4113 elementor-4082\" data-elementor-post-type=\"page\">\n\t\t\t\t\t\t<section class=\"elementor-section elementor-top-section elementor-element elementor-element-a65330d elementor-section-full_width elementor-section-height-default elementor-section-height-default row-top\" data-id=\"a65330d\" data-element_type=\"section\">\n\t\t\t\t\t\t<div class=\"elementor-container elementor-column-gap-default\">\n\t\t\t\t\t<div class=\"elementor-column elementor-col-100 elementor-top-column elementor-element elementor-element-7e9ee9a column-style-top\" data-id=\"7e9ee9a\" data-element_type=\"column\">\n\t\t\t<div class=\"elementor-widget-wrap elementor-element-populated\">\n\t\t\t\t\t\t<div class=\"elementor-element elementor-element-352c35f elementor-widget elementor-widget-text-editor\" data-id=\"352c35f\" data-element_type=\"widget\" data-widget_type=\"text-editor.default\">\n\t\t\t\t<div class=\"elementor-widget-container\">\n\t\t\t\t\t\t\t\t\t<p>Remplissez le formulaire pour obtenir votre site web gratuit. Veuillez lire attentivement les conditions.<\/p>\t\t\t\t\t\t\t\t<\/div>\n\t\t\t\t<\/div>\n\t\t\t\t\t<\/div>\n\t\t<\/div>\n\t\t\t\t\t<\/div>\n\t\t<\/section>\n\t\t\t\t<section class=\"elementor-section elementor-top-section elementor-element elementor-element-ce0261c elementor-section-boxed elementor-section-height-default elementor-section-height-default row-top\" data-id=\"ce0261c\" data-element_type=\"section\">\n\t\t\t\t\t\t<div class=\"elementor-container elementor-column-gap-default\">\n\t\t\t\t\t<div class=\"elementor-column elementor-col-100 elementor-top-column elementor-element elementor-element-bb45d7c column-style-top\" data-id=\"bb45d7c\" data-element_type=\"column\">\n\t\t\t<div class=\"elementor-widget-wrap elementor-element-populated\">\n\t\t\t\t\t\t<div class=\"elementor-element elementor-element-1ddf004 elementor-widget elementor-widget-text-editor\" data-id=\"1ddf004\" data-element_type=\"widget\" data-widget_type=\"text-editor.default\">\n\t\t\t\t<div class=\"elementor-widget-container\">\n\t\t\t\t\t\t\t\t\t<div class=\"forminator-ui forminator-custom-form forminator-custom-form-4110 forminator-design--default forminator-custom forminator_ajax\" data-forminator-render=\"0\" data-form=\"forminator-module-4110\" data-uid=\"69f50a500eeb8\"><br\/><\/div><form\r\n\t\t\t\tid=\"forminator-module-4110\"\r\n\t\t\t\tclass=\"forminator-ui forminator-custom-form forminator-custom-form-4110 forminator-design--default forminator-custom forminator_ajax\"\r\n\t\t\t\tmethod=\"post\"\r\n\t\t\t\tdata-forminator-render=\"0\"\r\n\t\t\t\tdata-form-id=\"4110\"\r\n\t\t\t\t data-color-option=\"default\" data-design=\"default\" data-grid=\"custom\" style=\"display: none;\"\r\n\t\t\t\tdata-uid=\"69f50a500eeb8\"\r\n\t\t\t><div role=\"alert\" aria-live=\"polite\" class=\"forminator-response-message forminator-error\" aria-hidden=\"true\"><\/div><div class=\"forminator-row\"><div id=\"name-1\" class=\"forminator-field-name forminator-col forminator-col-6 \"><div class=\"forminator-field\"><label for=\"forminator-field-name-1_69f50a500eeb8\" id=\"forminator-field-name-1_69f50a500eeb8-label\" class=\"forminator-label\">Nom de l&#039;\u00c9glise <span class=\"forminator-required\">*<\/span><\/label><input type=\"text\" name=\"name-1\" value=\"\" placeholder=\"Nom de l&#039;\u00c9glise\" id=\"forminator-field-name-1_69f50a500eeb8\" class=\"forminator-input forminator-name--field\" aria-required=\"true\" autocomplete=\"name\" \/><\/div><\/div><div id=\"name-2\" class=\"forminator-field-name forminator-col forminator-col-6 \"><div class=\"forminator-field\"><label for=\"forminator-field-name-2_69f50a500eeb8\" id=\"forminator-field-name-2_69f50a500eeb8-label\" class=\"forminator-label\">Personne de Contact <span class=\"forminator-required\">*<\/span><\/label><input type=\"text\" name=\"name-2\" value=\"\" placeholder=\"Personne de Contact\" id=\"forminator-field-name-2_69f50a500eeb8\" class=\"forminator-input forminator-name--field\" aria-required=\"true\" autocomplete=\"name\" \/><\/div><\/div><\/div><div class=\"forminator-row\"><div id=\"phone-1\" class=\"forminator-field-phone forminator-col forminator-col-6 \"><div class=\"forminator-field\"><label for=\"forminator-field-phone-1_69f50a500eeb8\" id=\"forminator-field-phone-1_69f50a500eeb8-label\" class=\"forminator-label\">Num\u00e9ro de Contact : <span class=\"forminator-required\">*<\/span><\/label><input type=\"text\" name=\"phone-1\" value=\"\" placeholder=\"Num\u00e9ro de Contact :\" id=\"forminator-field-phone-1_69f50a500eeb8\" class=\"forminator-input forminator-field--phone\" data-required=\"1\" aria-required=\"true\" autocomplete=\"off\" \/><\/div><\/div><div id=\"email-1\" class=\"forminator-field-email forminator-col forminator-col-6 \"><div class=\"forminator-field\"><label for=\"forminator-field-email-1_69f50a500eeb8\" id=\"forminator-field-email-1_69f50a500eeb8-label\" class=\"forminator-label\">Courriel <span class=\"forminator-required\">*<\/span><\/label><input type=\"email\" name=\"email-1\" value=\"\" placeholder=\"Courriel\" id=\"forminator-field-email-1_69f50a500eeb8\" class=\"forminator-input forminator-email--field\" data-required=\"1\" aria-required=\"true\" autocomplete=\"email\" \/><\/div><\/div><\/div><div class=\"forminator-row\"><div id=\"address-1\" class=\"forminator-field-address forminator-col forminator-col-6 \"><div class=\"forminator-row\"><div id=\"address-1-street_address\" class=\"forminator-col\"><div class=\"forminator-field\"><label for=\"forminator-field-address-1-street_address_69f50a500eeb8\" id=\"forminator-field-address-1-street_address_69f50a500eeb8-label\" class=\"forminator-label\">Adresse de l&#039;Eglise <span class=\"forminator-required\">*<\/span><\/label><input type=\"text\" name=\"address-1-street_address\" placeholder=\"Adresse de l&#039;Eglise\" id=\"forminator-field-address-1-street_address_69f50a500eeb8\" class=\"forminator-input\" data-required=\"1\" aria-required=\"true\" autocomplete=\"address-line1\" value=\"\" \/><\/div><\/div><\/div><\/div><div id=\"url-1\" class=\"forminator-field-url forminator-col forminator-col-6 \"><div class=\"forminator-field\"><label for=\"forminator-field-url-1_69f50a500eeb8\" id=\"forminator-field-url-1_69f50a500eeb8-label\" class=\"forminator-label\">Lien Facebook<\/label><input type=\"url\" name=\"url-1\" value=\"\" placeholder=\"Lien Facebook\" id=\"forminator-field-url-1_69f50a500eeb8\" class=\"forminator-input forminator-website--field\" data-required=\"\" aria-required=\"false\" \/><\/div><\/div><\/div><div class=\"forminator-row\"><div id=\"url-4\" class=\"forminator-field-url forminator-col forminator-col-6 \"><div class=\"forminator-field\"><label for=\"forminator-field-url-4_69f50a500eeb8\" id=\"forminator-field-url-4_69f50a500eeb8-label\" class=\"forminator-label\">Lien Youtube<\/label><input type=\"url\" name=\"url-4\" value=\"\" placeholder=\"Lien Youtube\" id=\"forminator-field-url-4_69f50a500eeb8\" class=\"forminator-input forminator-website--field\" data-required=\"\" aria-required=\"false\" \/><\/div><\/div><div id=\"url-3\" class=\"forminator-field-url forminator-col forminator-col-6 \"><div class=\"forminator-field\"><label for=\"forminator-field-url-3_69f50a500eeb8\" id=\"forminator-field-url-3_69f50a500eeb8-label\" class=\"forminator-label\">Lien Instagram<\/label><input type=\"url\" name=\"url-3\" value=\"\" placeholder=\"Lien Instagram\" id=\"forminator-field-url-3_69f50a500eeb8\" class=\"forminator-input forminator-website--field\" data-required=\"\" aria-required=\"false\" \/><\/div><\/div><\/div><div class=\"forminator-row\"><div id=\"url-5\" class=\"forminator-field-url forminator-col forminator-col-6 \"><div class=\"forminator-field\"><label for=\"forminator-field-url-5_69f50a500eeb8\" id=\"forminator-field-url-5_69f50a500eeb8-label\" class=\"forminator-label\">autre lien de m\u00e9dia social<\/label><input type=\"url\" name=\"url-5\" value=\"\" placeholder=\"autre lien de m\u00e9dia social\" id=\"forminator-field-url-5_69f50a500eeb8\" class=\"forminator-input forminator-website--field\" data-required=\"\" aria-required=\"false\" \/><\/div><\/div><div id=\"url-2\" class=\"forminator-field-url forminator-col forminator-col-6 \"><div class=\"forminator-field\"><label for=\"forminator-field-url-2_69f50a500eeb8\" id=\"forminator-field-url-2_69f50a500eeb8-label\" class=\"forminator-label\">Lien du site web existant (le cas \u00e9ch\u00e9ant)<\/label><input type=\"url\" name=\"url-2\" value=\"\" placeholder=\"E.g. https:\/\/siteswebdeglises.ca\" id=\"forminator-field-url-2_69f50a500eeb8\" class=\"forminator-input forminator-website--field\" data-required=\"\" aria-required=\"false\" \/><\/div><\/div><\/div><div class=\"forminator-row\"><div id=\"html-1\" class=\"forminator-field-html forminator-col forminator-col-12 \"><div class=\"forminator-field forminator-merge-tags\" data-field=\"html-1\"><label class=\"forminator-label\">En soumettant ce formulaire, vous acceptez les conditions suivantes :<\/label><p>&nbsp;<\/p>\n<p>1. <strong>D\u00e9veloppement du site web<\/strong> <strong>:<\/strong> Notre \u00e9quipe s&#8217;occupera de l&#8217;ensemble du processus de d\u00e9veloppement du site Web de votre \u00e9glise.<\/p>\n<p>2. <strong>Cr\u00e9ation du site web :<\/strong><br>&#8211; La cr\u00e9ation du site est gratuite, pour une valeur de 3 000,00 $.<br>&#8211; Un re\u00e7u fiscal pour la cr\u00e9ation du site est requis.<\/p>\n<p>3. <strong>Comptes de messagerie :<\/strong><br>&#8211; Jusqu&#8217;\u00e0 5 comptes de courrier \u00e9lectronique sont inclus dans le programme de site Web gratuit, si n\u00e9cessaire.<\/p>\n<p>4. <strong>Pare-feu premium :<\/strong><br>&#8211; Un pare-feu premium sera install\u00e9 sans frais suppl\u00e9mentaires, d&#8217;une valeur de 160 $ par an.<br>&#8211; Un re\u00e7u fiscal pour le pare-feu est exig\u00e9 chaque ann\u00e9e.<\/p>\n<p>5. <strong>Mises \u00e0 jour mensuelles :<\/strong><br>&#8211; Une mise \u00e0 jour du site web par mois est incluse dans le programme.<br>Remarque : la refonte du site Web n&#8217;est pas consid\u00e9r\u00e9e comme une mise \u00e0 jour standard et entra\u00eene des frais suppl\u00e9mentaires.<\/p>\n<p>6. <strong>H\u00e9bergement et certificat SSL :<\/strong> Tous les sites web construits sous ChurchWebsites.ca seront h\u00e9berg\u00e9s sur nos serveurs s\u00e9curis\u00e9s, qui incluent des certificats SSL pour la s\u00e9curit\u00e9.<\/p>\n<p>7. <strong>Gestion du domaine :<\/strong> Vous acceptez de transf\u00e9rer la gestion de votre domaine \u00e0 ChurchWebsites.ca, qui est d\u00e9tenu et g\u00e9r\u00e9 par Olton Marketing and Communications Inc. pour une gestion efficace et rationalis\u00e9e des renouvellements, des param\u00e8tres et des mises \u00e0 jour techniques.<\/p>\n<p>8. <strong>Propri\u00e9t\u00e9 :<\/strong> Le domaine enregistr\u00e9 ou transf\u00e9r\u00e9 sous ChurchWebsites.ca restera sous la gestion d&#8217;Olton Marketing and Communications Inc. sauf demande contraire explicite par \u00e9crit et approuv\u00e9e.<\/p>\n<p>9. <strong>Nom de domaine :<\/strong><br>&#8211; Le co\u00fbt annuel d&#8217;un nom de domaine est de 45,00 $.<br>&#8211; S&#8217;il y a lieu, des frais uniques de transfert de domaine de 45,00 $ s&#8217;appliqueront.<\/p>\n<p>10. <strong>Frais d&#8217;h\u00e9bergement :<\/strong><br>&#8211; Les frais d&#8217;h\u00e9bergement mensuels sont de 15,99 $ et doivent \u00eatre pay\u00e9s annuellement en un seul versement de 191,88 $.<\/p>\n<p>11. <strong>Certificat SSL :<\/strong><br>&#8211; Le certificat SSL co\u00fbte 4,99 $ par mois, payable annuellement en un seul versement de 59,88 $.<\/p>\n<p>12. <strong>Conditions de paiement :<\/strong> Le paiement int\u00e9gral est exig\u00e9 imm\u00e9diatement apr\u00e8s l&#8217;achat ou le transfert du domaine. Aucun d\u00e9veloppement de site web ne commencera tant que le paiement n&#8217;aura pas \u00e9t\u00e9 confirm\u00e9.<\/p>\n<p>13. Si vous d\u00e9cidez de quitter notre plateforme ou de ne plus h\u00e9berger votre site Web chez nous, la conception gratuite du site ne sera ni incluse ni transf\u00e9r\u00e9e. Seul le nom de domaine (le cas \u00e9ch\u00e9ant) pourra \u00eatre transf\u00e9r\u00e9 sur demande.<\/p><\/div><\/div><\/div><div class=\"forminator-row\"><div id=\"checkbox-1\" class=\"forminator-field-checkbox forminator-col forminator-col-12 \"><div role=\"group\" class=\"forminator-field\" aria-labelledby=\"forminator-checkbox-group-forminator-field-checkbox-1-69f50a500eeb8-label\"><label id=\"forminator-field-checkbox-1-1-69f50a500eeb8-label\" for=\"forminator-field-checkbox-1-1-69f50a500eeb8\" class=\"forminator-checkbox\" title=\"J&#039;ai lu et accept\u00e9 les termes et conditions ci-dessus.\"><input type=\"checkbox\" name=\"checkbox-1[]\" value=\"one\" id=\"forminator-field-checkbox-1-1-69f50a500eeb8\" aria-labelledby=\"forminator-field-checkbox-1-1-69f50a500eeb8-label\" data-calculation=\"0\"   data-hidden-behavior=\"zero\"\/><span class=\"forminator-checkbox-box\" aria-hidden=\"true\"><\/span><span class=\"forminator-checkbox-label\">J&#8217;ai lu et accept\u00e9 les termes et conditions ci-dessus.<\/span><\/label><\/div><\/div><\/div><div class=\"forminator-row\" style=\"margin: 0;\"><div id=\"captcha-1\" class=\"forminator-field-captcha  forminator-col-12 \"><div class=\"forminator-captcha-left forminator-g-recaptcha recaptcha-invisible\" data-theme=\"light\" data-badge=\"bottomright\" data-sitekey=\"6LcrcikrAAAAAA1LtXnTgqfInvzbrSptZ3PCDgLg\" data-size=\"invisible\"><\/div> <\/div><\/div><input type=\"hidden\" name=\"referer_url\" value=\"\" \/><div class=\"forminator-row forminator-row-last\"><div class=\"forminator-col\"><div class=\"forminator-field\"><button class=\"forminator-button forminator-button-submit\">Submit form<\/button><\/div><\/div><\/div><input type=\"hidden\" id=\"forminator_nonce\" name=\"forminator_nonce\" value=\"8a09b0eaf6\" \/><input type=\"hidden\" name=\"_wp_http_referer\" value=\"\/fr\/wp-json\/wp\/v2\/pages\/4113\" \/><input type=\"hidden\" name=\"form_id\" value=\"4110\"><input type=\"hidden\" name=\"page_id\" value=\"4113\"><input type=\"hidden\" name=\"form_type\" value=\"default\"><input type=\"hidden\" name=\"current_url\" value=\"https:\/\/churchwebsites.ca\/fr\/termes-et-conditions\/\"><input type=\"hidden\" name=\"render_id\" value=\"0\"><input type=\"hidden\" name=\"action\" value=\"forminator_submit_form_custom-forms\"><label for=\"input_12\" class=\"forminator-hidden\" aria-hidden=\"true\">Please do not fill in this field. <input id=\"input_12\" type=\"text\" name=\"input_12\" value=\"\" autocomplete=\"off\"><\/label><\/form>\t\t\t\t\t\t\t\t<\/div>\n\t\t\t\t<\/div>\n\t\t\t\t\t<\/div>\n\t\t<\/div>\n\t\t\t\t\t<\/div>\n\t\t<\/section>\n\t\t\t\t<\/div>\n\t\t","protected":false},"excerpt":{"rendered":"<p>Remplissez le formulaire pour obtenir votre site web gratuit. Veuillez lire attentivement les conditions.<\/p>\n","protected":false},"author":1,"featured_media":3645,"parent":0,"menu_order":0,"comment_status":"closed","ping_status":"closed","template":"","meta":{"footnotes":""},"class_list":["post-4113","page","type-page","status-publish","has-post-thumbnail","hentry"],"_links":{"self":[{"href":"https:\/\/churchwebsites.ca\/fr\/wp-json\/wp\/v2\/pages\/4113","targetHints":{"allow":["GET"]}}],"collection":[{"href":"https:\/\/churchwebsites.ca\/fr\/wp-json\/wp\/v2\/pages"}],"about":[{"href":"https:\/\/churchwebsites.ca\/fr\/wp-json\/wp\/v2\/types\/page"}],"author":[{"embeddable":true,"href":"https:\/\/churchwebsites.ca\/fr\/wp-json\/wp\/v2\/users\/1"}],"replies":[{"embeddable":true,"href":"https:\/\/churchwebsites.ca\/fr\/wp-json\/wp\/v2\/comments?post=4113"}],"version-history":[{"count":11,"href":"https:\/\/churchwebsites.ca\/fr\/wp-json\/wp\/v2\/pages\/4113\/revisions"}],"predecessor-version":[{"id":4203,"href":"https:\/\/churchwebsites.ca\/fr\/wp-json\/wp\/v2\/pages\/4113\/revisions\/4203"}],"wp:featuredmedia":[{"embeddable":true,"href":"https:\/\/churchwebsites.ca\/fr\/wp-json\/wp\/v2\/media\/3645"}],"wp:attachment":[{"href":"https:\/\/churchwebsites.ca\/fr\/wp-json\/wp\/v2\/media?parent=4113"}],"curies":[{"name":"wp","href":"https:\/\/api.w.org\/{rel}","templated":true}]}}