{"id":3992,"date":"2020-12-08T03:30:52","date_gmt":"2020-12-08T03:30:52","guid":{"rendered":"https:\/\/churchwebsites.ca\/privacy-policy\/"},"modified":"2025-03-21T12:30:11","modified_gmt":"2025-03-21T12:30:11","slug":"politique-de-confidentialite","status":"publish","type":"page","link":"https:\/\/churchwebsites.ca\/fr\/politique-de-confidentialite\/","title":{"rendered":"Politique De Confidentialit\u00e9"},"content":{"rendered":"\t\t<div data-elementor-type=\"wp-page\" data-elementor-id=\"3992\" class=\"elementor elementor-3992 elementor-1169\" data-elementor-post-type=\"page\">\n\t\t\t\t\t\t<section class=\"elementor-section elementor-top-section elementor-element elementor-element-50a32f04 elementor-section-boxed elementor-section-height-default elementor-section-height-default row-top\" data-id=\"50a32f04\" data-element_type=\"section\">\n\t\t\t\t\t\t<div class=\"elementor-container elementor-column-gap-default\">\n\t\t\t\t\t<div class=\"elementor-column elementor-col-100 elementor-top-column elementor-element elementor-element-fa751a4 column-style-top\" data-id=\"fa751a4\" data-element_type=\"column\">\n\t\t\t<div class=\"elementor-widget-wrap elementor-element-populated\">\n\t\t\t\t\t\t<div class=\"elementor-element elementor-element-e0cd80c elementor-widget elementor-widget-text-editor\" data-id=\"e0cd80c\" data-element_type=\"widget\" data-widget_type=\"text-editor.default\">\n\t\t\t\t<div class=\"elementor-widget-container\">\n\t\t\t\t\t\t\t\t\t<p>Chez Church Websites, la transparence quant \u00e0 la mani\u00e8re dont nous collectons, utilisons et divulguons vos informations personnelles est importante pour nous.<\/p><p>Cette politique de confidentialit\u00e9 (la \u00ab\u00a0politique\u00a0\u00bb) vise \u00e0 vous informer de nos pratiques en mati\u00e8re de traitement des informations personnelles. Nous souhaitons vous informer des finalit\u00e9s et des m\u00e9thodes de collecte de vos renseignements personnels, ainsi que de leur conservation et de leur utilisation.<\/p><p>Pour toute question concernant cette politique ou nos pratiques de traitement de vos renseignements personnels, si vous souhaitez recevoir une copie de vos donn\u00e9es personnelles ou si vous souhaitez leur suppression, vous pouvez nous contacter aux coordonn\u00e9es suivantes\u00a0:<\/p><p>Responsable des renseignements personnels<\/p><p><strong>Brian Olton<\/strong><br \/>info@churchwebsites.ca<br \/>450-689-9292<br \/>2243, rue Saint-Antoine<br \/>Laval (Qu\u00e9bec) H7R 6C7<br \/>Canada<\/p><p>L&#8217;adresse de notre site web est\u00a0: <a href=\"https:\/\/churchwebsites.ca\/\">https:\/\/churchwebsites.ca\/<\/a><\/p><h2><strong>Commentaires<\/strong><\/h2><p>Lorsque vous laissez un commentaire sur notre site web, les donn\u00e9es saisies dans le formulaire, ainsi que votre adresse IP et l&#8217;agent utilisateur de votre navigateur, sont collect\u00e9es pour nous aider \u00e0 d\u00e9tecter les commentaires ind\u00e9sirables.<\/p><h2><strong>Transmission de donn\u00e9es et de supports personnels ou confidentiels<\/strong><\/h2><p>Si vous t\u00e9l\u00e9chargez des images sur le site web, nous vous conseillons d&#8217;\u00e9viter celles contenant des coordonn\u00e9es GPS dans leurs donn\u00e9es EXIF. Les visiteurs de ce site web peuvent t\u00e9l\u00e9charger et extraire des donn\u00e9es de localisation depuis ces images.<\/p><h2><strong>Cookies<\/strong><\/h2><p>Si vous r\u00e9servez une r\u00e9union Zoom sur notre site, vous aurez la possibilit\u00e9 d&#8217;enregistrer votre nom, votre adresse e-mail et votre adresse postale dans des cookies. Ceci a pour but de vous simplifier la vie et de vous \u00e9viter d&#8217;avoir \u00e0 les saisir \u00e0 nouveau lors d&#8217;une nouvelle r\u00e9union. Ces cookies expirent apr\u00e8s un an.<\/p><p>Si vous saisissez des informations personnelles pour r\u00e9server une r\u00e9union, ces donn\u00e9es seront enregistr\u00e9es dans notre syst\u00e8me d\u00e9crit ci-dessous afin que nous puissions vous recontacter dans les jours suivant votre demande. Si aucune r\u00e9union n&#8217;est r\u00e9serv\u00e9e avec l&#8217;un des membres de notre \u00e9quipe, les donn\u00e9es sont conserv\u00e9es dans le m\u00eame syst\u00e8me pour une dur\u00e9e ind\u00e9termin\u00e9e, au cas o\u00f9 vous nous contacteriez pour une autre r\u00e9union.<\/p><h2><strong>Contenu int\u00e9gr\u00e9 provenant d&#8217;autres sites web<\/strong><\/h2><p>Les articles de ce site peuvent inclure du contenu int\u00e9gr\u00e9 (par exemple, des vid\u00e9os, des images, des articles, etc.). Le contenu int\u00e9gr\u00e9 provenant d&#8217;autres sites web se comporte de la m\u00eame mani\u00e8re que si le visiteur visitait cet autre site.<\/p><p>Ces sites web peuvent collecter des donn\u00e9es vous concernant, utiliser des cookies, installer des outils de suivi tiers ou suivre vos interactions avec le contenu int\u00e9gr\u00e9 si vous poss\u00e9dez un compte et \u00eates connect\u00e9 \u00e0 leur site.<\/p><h2><strong>Avec qui partageons-nous vos donn\u00e9es\u00a0?<\/strong><\/h2><p>Nous ne partageons aucune donn\u00e9e avec des partenaires, fournisseurs ou autres, sauf si nous vous ouvrons un compte avec votre accord.<\/p><h2><strong>O\u00f9 sont stock\u00e9es vos donn\u00e9es\u00a0?<\/strong><\/h2><p>Nous ne conservons aucune information m\u00e9dicale prot\u00e9g\u00e9e (comme les num\u00e9ros de s\u00e9curit\u00e9 sociale, d&#8217;assurance maladie ou de carte de cr\u00e9dit) et nous encourageons nos clients \u00e0 ne jamais nous transmettre de telles donn\u00e9es. Lors du paiement des sites web d&#8217;\u00e9glises. Vos factures, vos donn\u00e9es de carte de cr\u00e9dit ou vos donn\u00e9es bancaires seront temporairement pr\u00e9sentes sur les sites web s\u00e9curis\u00e9s Stripe ou PayPal, mais jamais dans notre environnement. \u00c9tant donn\u00e9 qu&#8217;il est souvent n\u00e9cessaire d&#8217;y acc\u00e9der lorsque vous \u00eates client chez Church Websites, vos donn\u00e9es personnelles et professionnelles critiques sont stock\u00e9es dans un coffre-fort num\u00e9rique crypt\u00e9 avec un chiffrement renforc\u00e9.<\/p><p>Les autres donn\u00e9es de nos clients sont stock\u00e9es par Church Websites, aupr\u00e8s d&#8217;une source fiable, Google Workspace. Google Workspace stocke les donn\u00e9es sur des serveurs crypt\u00e9s dans les centres de donn\u00e9es de Google. Pour plus d&#8217;informations sur les solutions que nous utilisons, veuillez cliquer sur l&#8217;un des liens suivants pour un aper\u00e7u complet de leurs certifications et de leur conformit\u00e9\u00a0:<\/p><p><a href=\"https:\/\/safety.google\/privacy\/data\/\">S\u00e9curit\u00e9 Google<\/a>,<br \/><a href=\"https:\/\/safety.google\/privacy\/data\/\">Certifications Google,<\/a><br \/><a href=\"https:\/\/safety.google\/privacy\/ads-and-data\/\">Stockage Google<\/a>,<\/p><h2><strong>Combien de temps vos donn\u00e9es sont-elles conserv\u00e9es\u00a0?<\/strong><\/h2><p>Dans le cadre de notre volont\u00e9 de fid\u00e9liser nos clients sur le long terme, les donn\u00e9es sont conserv\u00e9es ind\u00e9finiment. Cela nous permet de leur fournir une assistance rapide lorsqu&#8217;ils en font la demande. Cependant, ces donn\u00e9es sont stock\u00e9es dans nos solutions s\u00e9curis\u00e9es.<\/p><p>Pour les utilisateurs qui s&#8217;inscrivent sur notre site, nous conservons \u00e9galement les donn\u00e9es personnelles fournies dans leur profil. Tous les utilisateurs peuvent consulter, modifier ou supprimer leurs informations personnelles \u00e0 tout moment.<\/p><h2><strong>Quels sont vos droits concernant vos donn\u00e9es\u00a0?<\/strong><\/h2><p>En nous contactant \u00e0 info@churchwebsites.ca, vous pouvez demander un fichier contenant toutes les donn\u00e9es personnelles que nous d\u00e9tenons \u00e0 votre sujet, y compris celles que vous nous avez fournies. Vous pouvez \u00e9galement demander la suppression des donn\u00e9es personnelles vous concernant. Ceci n&#8217;inclut pas les donn\u00e9es conserv\u00e9es pour des raisons administratives, juridiques ou de s\u00e9curit\u00e9.<\/p>\t\t\t\t\t\t\t\t<\/div>\n\t\t\t\t<\/div>\n\t\t\t\t\t<\/div>\n\t\t<\/div>\n\t\t\t\t\t<\/div>\n\t\t<\/section>\n\t\t\t\t<\/div>\n\t\t","protected":false},"excerpt":{"rendered":"<p>Chez Church Websites, la transparence quant \u00e0 la mani\u00e8re dont nous collectons, utilisons et divulguons vos informations personnelles est importante pour nous. Cette politique de confidentialit\u00e9 (la \u00ab\u00a0politique\u00a0\u00bb) vise \u00e0 [&hellip;]<\/p>\n","protected":false},"author":1,"featured_media":3645,"parent":0,"menu_order":0,"comment_status":"closed","ping_status":"closed","template":"","meta":{"footnotes":""},"class_list":["post-3992","page","type-page","status-publish","has-post-thumbnail","hentry"],"_links":{"self":[{"href":"https:\/\/churchwebsites.ca\/fr\/wp-json\/wp\/v2\/pages\/3992","targetHints":{"allow":["GET"]}}],"collection":[{"href":"https:\/\/churchwebsites.ca\/fr\/wp-json\/wp\/v2\/pages"}],"about":[{"href":"https:\/\/churchwebsites.ca\/fr\/wp-json\/wp\/v2\/types\/page"}],"author":[{"embeddable":true,"href":"https:\/\/churchwebsites.ca\/fr\/wp-json\/wp\/v2\/users\/1"}],"replies":[{"embeddable":true,"href":"https:\/\/churchwebsites.ca\/fr\/wp-json\/wp\/v2\/comments?post=3992"}],"version-history":[{"count":7,"href":"https:\/\/churchwebsites.ca\/fr\/wp-json\/wp\/v2\/pages\/3992\/revisions"}],"predecessor-version":[{"id":4012,"href":"https:\/\/churchwebsites.ca\/fr\/wp-json\/wp\/v2\/pages\/3992\/revisions\/4012"}],"wp:featuredmedia":[{"embeddable":true,"href":"https:\/\/churchwebsites.ca\/fr\/wp-json\/wp\/v2\/media\/3645"}],"wp:attachment":[{"href":"https:\/\/churchwebsites.ca\/fr\/wp-json\/wp\/v2\/media?parent=3992"}],"curies":[{"name":"wp","href":"https:\/\/api.w.org\/{rel}","templated":true}]}}