{"id":3971,"date":"2025-02-21T11:33:55","date_gmt":"2025-02-21T11:33:55","guid":{"rendered":"https:\/\/churchwebsites.ca\/sitemap\/"},"modified":"2025-03-19T09:55:57","modified_gmt":"2025-03-19T09:55:57","slug":"plan-du-site","status":"publish","type":"page","link":"https:\/\/churchwebsites.ca\/fr\/plan-du-site\/","title":{"rendered":"Plan du site"},"content":{"rendered":"\t\t<div data-elementor-type=\"wp-page\" data-elementor-id=\"3971\" class=\"elementor elementor-3971 elementor-3348\" data-elementor-post-type=\"page\">\n\t\t\t\t\t\t<section class=\"elementor-section elementor-top-section elementor-element elementor-element-50a32f04 elementor-section-boxed elementor-section-height-default elementor-section-height-default row-top\" data-id=\"50a32f04\" data-element_type=\"section\">\n\t\t\t\t\t\t<div class=\"elementor-container elementor-column-gap-default\">\n\t\t\t\t\t<div class=\"elementor-column elementor-col-100 elementor-top-column elementor-element elementor-element-fa751a4 column-style-top\" data-id=\"fa751a4\" data-element_type=\"column\">\n\t\t\t<div class=\"elementor-widget-wrap elementor-element-populated\">\n\t\t\t\t\t\t<div class=\"elementor-element elementor-element-fdc74b0 elementor-widget elementor-widget-heading\" data-id=\"fdc74b0\" data-element_type=\"widget\" data-widget_type=\"heading.default\">\n\t\t\t\t<div class=\"elementor-widget-container\">\n\t\t\t\t\t<h2 class=\"elementor-heading-title elementor-size-default\">Plan du site<\/h2>\t\t\t\t<\/div>\n\t\t\t\t<\/div>\n\t\t\t\t\t<\/div>\n\t\t<\/div>\n\t\t\t\t\t<\/div>\n\t\t<\/section>\n\t\t\t\t<section class=\"elementor-section elementor-top-section elementor-element elementor-element-ebae140 elementor-section-boxed elementor-section-height-default elementor-section-height-default row-top\" data-id=\"ebae140\" data-element_type=\"section\">\n\t\t\t\t\t\t<div class=\"elementor-container elementor-column-gap-default\">\n\t\t\t\t\t<div class=\"elementor-column elementor-col-25 elementor-top-column elementor-element elementor-element-3886ed2 column-style-top\" data-id=\"3886ed2\" data-element_type=\"column\">\n\t\t\t<div class=\"elementor-widget-wrap\">\n\t\t\t\t\t\t\t<\/div>\n\t\t<\/div>\n\t\t\t\t<div class=\"elementor-column elementor-col-50 elementor-top-column elementor-element elementor-element-4c901e4 column-style-top\" data-id=\"4c901e4\" data-element_type=\"column\">\n\t\t\t<div class=\"elementor-widget-wrap elementor-element-populated\">\n\t\t\t\t\t\t<div class=\"elementor-element elementor-element-e0cd80c elementor-widget__width-initial elementor-widget elementor-widget-text-editor\" data-id=\"e0cd80c\" data-element_type=\"widget\" data-widget_type=\"text-editor.default\">\n\t\t\t\t<div class=\"elementor-widget-container\">\n\t\t\t\t\t\t\t\t\t<ul>\n<li><a href=\"https:\/\/churchwebsites.ca\/\">Accueil<\/a>\n<ul>\n<li><a href=\"https:\/\/churchwebsites.ca\/testimonials\/\">T\u00e9moignages<\/a><\/li>\n<\/ul>\n<\/li>\n<li><a href=\"https:\/\/churchwebsites.ca\/about\/\">\u00c0 propos<\/a><\/li>\n<li><a href=\"https:\/\/churchwebsites.ca\/services\/\">Ce que nous faisons<\/a>\n<ul>\n<li><a href=\"https:\/\/churchwebsites.ca\/custom-website-design\/\">Conception de sites web personnalis\u00e9s<\/a><\/li>\n<li><a href=\"https:\/\/churchwebsites.ca\/hosting\/\">H\u00e9bergement<\/a><\/li>\n<li><a href=\"https:\/\/churchwebsites.ca\/easy-to-use-tools\/\">Outils faciles \u00e0 utiliser<\/a><\/li>\n<li><a href=\"https:\/\/churchwebsites.ca\/emails\/\">Courriels<\/a><\/li>\n<li><a href=\"https:\/\/churchwebsites.ca\/graphics-and-printing\/\">Graphisme et impression<\/a><\/li>\n<li><a href=\"https:\/\/churchwebsites.ca\/signage-and-banners\/\">Affichage et banni\u00e8res<\/a><\/li>\n<li><a href=\"https:\/\/churchwebsites.ca\/social-media\/\">M\u00e9dias sociaux<\/a><\/li>\n<li><a href=\"https:\/\/churchwebsites.ca\/promotional-products\/\">Objets promotionnels<\/a><\/li>\n<\/ul>\n<\/li>\n<li><a href=\"https:\/\/churchwebsites.ca\/news\/\">Actualit\u00e9s<\/a>\n<ul>\n<li><a href=\"https:\/\/churchwebsites.ca\/how-do-i-balance-my-faith-with-a-busy-schedule\/\">Comment concilier ma foi avec un emploi du temps charg\u00e9\u00a0?<\/a><\/li>\n<li><a href=\"https:\/\/churchwebsites.ca\/can-technology-help-me-strengthen-my-relationship-with-god\/\">La technologie peut-elle m&#8217;aider \u00e0 renforcer ma relation avec Dieu\u00a0?<\/a><\/li>\n<li><a href=\"https:\/\/churchwebsites.ca\/empowering-faith-communities-the-role-of-churchwebsites-ca-as-your-online-marketing-partner\/\">Renforcer les communaut\u00e9s de foi\u00a0: le r\u00f4le de ChurchWebsites.ca<\/a><\/li>\n<li><a href=\"https:\/\/churchwebsites.ca\/the-value-of-a-testimonial-for-churchwebsites-ca\/\">L&#8217;importance d&#8217;un t\u00e9moignage pour ChurchWebsites.ca<\/a><\/li>\n<li><a href=\"https:\/\/churchwebsites.ca\/creating-digital-spaces-that-reflect-the-spirit-of-your-churchs-unique-identity\/\">Cr\u00e9er des espaces num\u00e9riques qui refl\u00e8tent l&#8217;esprit et l&#8217;identit\u00e9 unique de votre \u00e9glise<\/a><\/li>\n<\/ul>\n<\/li>\n<li><a href=\"https:\/\/churchwebsites.ca\/contact\/\">Contact<\/a><\/li>\n<li><a href=\"https:\/\/churchwebsites.ca\/privacy-policy\/\">Politique de confidentialit\u00e9<\/a><\/li>\n<\/ul>\t\t\t\t\t\t\t\t<\/div>\n\t\t\t\t<\/div>\n\t\t\t\t\t<\/div>\n\t\t<\/div>\n\t\t\t\t<div class=\"elementor-column elementor-col-25 elementor-top-column elementor-element elementor-element-6f05a35 column-style-top\" data-id=\"6f05a35\" data-element_type=\"column\">\n\t\t\t<div class=\"elementor-widget-wrap\">\n\t\t\t\t\t\t\t<\/div>\n\t\t<\/div>\n\t\t\t\t\t<\/div>\n\t\t<\/section>\n\t\t\t\t<\/div>\n\t\t","protected":false},"excerpt":{"rendered":"<p>Plan du site Accueil T\u00e9moignages \u00c0 propos Ce que nous faisons Conception de sites web personnalis\u00e9s H\u00e9bergement Outils faciles \u00e0 utiliser Courriels Graphisme et impression Affichage et banni\u00e8res M\u00e9dias sociaux [&hellip;]<\/p>\n","protected":false},"author":1,"featured_media":3645,"parent":0,"menu_order":0,"comment_status":"closed","ping_status":"closed","template":"","meta":{"footnotes":""},"class_list":["post-3971","page","type-page","status-publish","has-post-thumbnail","hentry"],"_links":{"self":[{"href":"https:\/\/churchwebsites.ca\/fr\/wp-json\/wp\/v2\/pages\/3971","targetHints":{"allow":["GET"]}}],"collection":[{"href":"https:\/\/churchwebsites.ca\/fr\/wp-json\/wp\/v2\/pages"}],"about":[{"href":"https:\/\/churchwebsites.ca\/fr\/wp-json\/wp\/v2\/types\/page"}],"author":[{"embeddable":true,"href":"https:\/\/churchwebsites.ca\/fr\/wp-json\/wp\/v2\/users\/1"}],"replies":[{"embeddable":true,"href":"https:\/\/churchwebsites.ca\/fr\/wp-json\/wp\/v2\/comments?post=3971"}],"version-history":[{"count":4,"href":"https:\/\/churchwebsites.ca\/fr\/wp-json\/wp\/v2\/pages\/3971\/revisions"}],"predecessor-version":[{"id":3975,"href":"https:\/\/churchwebsites.ca\/fr\/wp-json\/wp\/v2\/pages\/3971\/revisions\/3975"}],"wp:featuredmedia":[{"embeddable":true,"href":"https:\/\/churchwebsites.ca\/fr\/wp-json\/wp\/v2\/media\/3645"}],"wp:attachment":[{"href":"https:\/\/churchwebsites.ca\/fr\/wp-json\/wp\/v2\/media?parent=3971"}],"curies":[{"name":"wp","href":"https:\/\/api.w.org\/{rel}","templated":true}]}}