{"id":3960,"date":"2025-02-19T07:38:53","date_gmt":"2025-02-19T07:38:53","guid":{"rendered":"https:\/\/churchwebsites.ca\/promotional-products\/"},"modified":"2025-03-19T09:52:13","modified_gmt":"2025-03-19T09:52:13","slug":"produits-promotionnels","status":"publish","type":"page","link":"https:\/\/churchwebsites.ca\/fr\/produits-promotionnels\/","title":{"rendered":"Produits promotionnels"},"content":{"rendered":"\t\t<div data-elementor-type=\"wp-page\" data-elementor-id=\"3960\" class=\"elementor elementor-3960 elementor-3315\" data-elementor-post-type=\"page\">\n\t\t\t\t\t\t<section class=\"elementor-section elementor-top-section elementor-element elementor-element-63870e7 elementor-section-full_width elementor-section-height-default elementor-section-height-default row-top\" data-id=\"63870e7\" data-element_type=\"section\">\n\t\t\t\t\t\t<div class=\"elementor-container elementor-column-gap-default\">\n\t\t\t\t\t<div class=\"elementor-column elementor-col-50 elementor-top-column elementor-element elementor-element-fbf2670 column-style-top\" data-id=\"fbf2670\" data-element_type=\"column\">\n\t\t\t<div class=\"elementor-widget-wrap elementor-element-populated\">\n\t\t\t\t\t\t<div class=\"elementor-element elementor-element-da772e8 elementor-widget elementor-widget-gva-heading-block\" data-id=\"da772e8\" data-element_type=\"widget\" data-widget_type=\"gva-heading-block.default\">\n\t\t\t\t<div class=\"elementor-widget-container\">\n\t\t\t\t\t<div class=\"gva-element-gva-heading-block gva-element\">      <div class=\"align-left style-1 widget gsc-heading box-align-left auto-responsive\">\r\n      <div class=\"content-inner\">\r\n         \r\n                  \r\n                     <div class=\"sub-title\"><span>Nos services<\/span><\/div>\r\n           \r\n         \r\n                     <h2 class=\"title\">\r\n               <span>Produits promotionnels<\/span>\r\n            <\/h2>\r\n                              <div class=\"title-desc\">Les objets promotionnels sont tr\u00e8s utiles pour renforcer les liens avec l'\u00c9glise, la sensibilisation et les activit\u00e9s de groupe.\nCes objets tangibles, tels que des v\u00eatements, des tasses ou des stylos \u00e0 l'effigie de votre marque, rappellent constamment la pr\u00e9sence et la mission de votre \u00e9glise.\nIls favorisent le sentiment d'appartenance des membres et permettent d'engager le dialogue au sein de la communaut\u00e9.\nEn les distribuant lors d'\u00e9v\u00e9nements ou au sein de groupes religieux, vous renforcez l'identit\u00e9 et le message de votre \u00e9glise, cr\u00e9ant ainsi une image unifi\u00e9e.\nDe plus, les objets promotionnels peuvent \u00e9tendre votre port\u00e9e en attirant de nouveaux membres qui les rencontrent au quotidien.\nCe sont des outils d'\u00e9vang\u00e9lisation efficaces, contribuant \u00e0 diffuser les valeurs et les initiatives de votre \u00e9glise de mani\u00e8re subtile mais percutante.\nEn r\u00e9sum\u00e9, les objets promotionnels renforcent l'engagement, renforcent les liens communautaires et soutiennent les efforts de sensibilisation de votre \u00e9glise.<\/div>\r\n         \r\n         \r\n      <\/div>\r\n   <\/div>\r\n   \r\n    <\/div>\t\t\t\t<\/div>\n\t\t\t\t<\/div>\n\t\t\t\t<div class=\"elementor-element elementor-element-ab4d991 elementor-widget elementor-widget-button\" data-id=\"ab4d991\" data-element_type=\"widget\" data-widget_type=\"button.default\">\n\t\t\t\t<div class=\"elementor-widget-container\">\n\t\t\t\t\t\t\t\t\t<div class=\"elementor-button-wrapper\">\n\t\t\t\t\t<a class=\"elementor-button elementor-button-link elementor-size-sm\" href=\"https:\/\/churchwebsites.ca\/fr\/contact\/\">\n\t\t\t\t\t\t<span class=\"elementor-button-content-wrapper\">\n\t\t\t\t\t\t\t\t\t<span class=\"elementor-button-text\">Dites-nous quels produits promotionnels vous aviez en t\u00eate.<\/span>\n\t\t\t\t\t<\/span>\n\t\t\t\t\t<\/a>\n\t\t\t\t<\/div>\n\t\t\t\t\t\t\t\t<\/div>\n\t\t\t\t<\/div>\n\t\t\t\t\t<\/div>\n\t\t<\/div>\n\t\t\t\t<div class=\"elementor-column elementor-col-50 elementor-top-column elementor-element elementor-element-7859be1 column-style-top\" data-id=\"7859be1\" data-element_type=\"column\" data-settings=\"{&quot;background_background&quot;:&quot;classic&quot;}\">\n\t\t\t<div class=\"elementor-widget-wrap\">\n\t\t\t\t\t\t\t<\/div>\n\t\t<\/div>\n\t\t\t\t\t<\/div>\n\t\t<\/section>\n\t\t\t\t<\/div>\n\t\t","protected":false},"excerpt":{"rendered":"<p>Nos services Produits promotionnels Les objets promotionnels sont tr\u00e8s utiles pour renforcer les liens avec l&#8217;\u00c9glise, la sensibilisation et les activit\u00e9s de groupe. Ces objets tangibles, tels que des v\u00eatements, [&hellip;]<\/p>\n","protected":false},"author":1,"featured_media":3772,"parent":0,"menu_order":0,"comment_status":"closed","ping_status":"closed","template":"","meta":{"footnotes":""},"class_list":["post-3960","page","type-page","status-publish","has-post-thumbnail","hentry"],"_links":{"self":[{"href":"https:\/\/churchwebsites.ca\/fr\/wp-json\/wp\/v2\/pages\/3960","targetHints":{"allow":["GET"]}}],"collection":[{"href":"https:\/\/churchwebsites.ca\/fr\/wp-json\/wp\/v2\/pages"}],"about":[{"href":"https:\/\/churchwebsites.ca\/fr\/wp-json\/wp\/v2\/types\/page"}],"author":[{"embeddable":true,"href":"https:\/\/churchwebsites.ca\/fr\/wp-json\/wp\/v2\/users\/1"}],"replies":[{"embeddable":true,"href":"https:\/\/churchwebsites.ca\/fr\/wp-json\/wp\/v2\/comments?post=3960"}],"version-history":[{"count":4,"href":"https:\/\/churchwebsites.ca\/fr\/wp-json\/wp\/v2\/pages\/3960\/revisions"}],"predecessor-version":[{"id":3964,"href":"https:\/\/churchwebsites.ca\/fr\/wp-json\/wp\/v2\/pages\/3960\/revisions\/3964"}],"wp:featuredmedia":[{"embeddable":true,"href":"https:\/\/churchwebsites.ca\/fr\/wp-json\/wp\/v2\/media\/3772"}],"wp:attachment":[{"href":"https:\/\/churchwebsites.ca\/fr\/wp-json\/wp\/v2\/media?parent=3960"}],"curies":[{"name":"wp","href":"https:\/\/api.w.org\/{rel}","templated":true}]}}