{"id":3951,"date":"2025-02-19T07:36:07","date_gmt":"2025-02-19T07:36:07","guid":{"rendered":"https:\/\/churchwebsites.ca\/social-media\/"},"modified":"2025-03-19T09:49:07","modified_gmt":"2025-03-19T09:49:07","slug":"reseaux-sociaux","status":"publish","type":"page","link":"https:\/\/churchwebsites.ca\/fr\/reseaux-sociaux\/","title":{"rendered":"R\u00e9seaux sociaux"},"content":{"rendered":"\t\t<div data-elementor-type=\"wp-page\" data-elementor-id=\"3951\" class=\"elementor elementor-3951 elementor-3307\" data-elementor-post-type=\"page\">\n\t\t\t\t\t\t<section class=\"elementor-section elementor-top-section elementor-element elementor-element-2e42d31 elementor-section-full_width elementor-section-height-default elementor-section-height-default row-top\" data-id=\"2e42d31\" data-element_type=\"section\">\n\t\t\t\t\t\t<div class=\"elementor-container elementor-column-gap-default\">\n\t\t\t\t\t<div class=\"elementor-column elementor-col-50 elementor-top-column elementor-element elementor-element-a38138e column-style-top\" data-id=\"a38138e\" data-element_type=\"column\">\n\t\t\t<div class=\"elementor-widget-wrap elementor-element-populated\">\n\t\t\t\t\t\t<div class=\"elementor-element elementor-element-1b74792 elementor-widget elementor-widget-gva-heading-block\" data-id=\"1b74792\" data-element_type=\"widget\" data-widget_type=\"gva-heading-block.default\">\n\t\t\t\t<div class=\"elementor-widget-container\">\n\t\t\t\t\t<div class=\"gva-element-gva-heading-block gva-element\">      <div class=\"align-left style-1 widget gsc-heading box-align-left auto-responsive\">\r\n      <div class=\"content-inner\">\r\n         \r\n                  \r\n                     <div class=\"sub-title\"><span>Nos services<\/span><\/div>\r\n           \r\n         \r\n                     <h2 class=\"title\">\r\n               <span>R\u00e9seaux sociaux<\/span>\r\n            <\/h2>\r\n                              <div class=\"title-desc\">Les r\u00e9seaux sociaux jouent un r\u00f4le essentiel dans la sensibilisation et le d\u00e9veloppement communautaire des \u00e9glises modernes.\nIls permettent aux \u00e9glises d'entrer en contact avec leurs fid\u00e8les et la communaut\u00e9 au sens large en temps r\u00e9el, favorisant ainsi l'engagement et les interactions.\nEn partageant des messages inspirants, des mises \u00e0 jour d'\u00e9v\u00e9nements et des t\u00e9moignages de la communaut\u00e9, les \u00e9glises peuvent \u00e9tendre leur port\u00e9e au-del\u00e0 des murs physiques, attirer de nouveaux membres et renforcer les relations existantes. Les plateformes de r\u00e9seaux sociaux fournissent \u00e9galement des informations pr\u00e9cieuses sur les pr\u00e9f\u00e9rences du public, permettant aux \u00e9glises d'adapter efficacement leurs messages.\nL'adoption des r\u00e9seaux sociaux garantit la pertinence et l'accessibilit\u00e9 de votre \u00e9glise \u00e0 l'\u00e8re num\u00e9rique, renfor\u00e7ant ainsi votre mission et votre impact.<\/div>\r\n         \r\n         \r\n      <\/div>\r\n   <\/div>\r\n   \r\n    <\/div>\t\t\t\t<\/div>\n\t\t\t\t<\/div>\n\t\t\t\t<div class=\"elementor-element elementor-element-d196acd elementor-widget elementor-widget-button\" data-id=\"d196acd\" data-element_type=\"widget\" data-widget_type=\"button.default\">\n\t\t\t\t<div class=\"elementor-widget-container\">\n\t\t\t\t\t\t\t\t\t<div class=\"elementor-button-wrapper\">\n\t\t\t\t\t<a class=\"elementor-button elementor-button-link elementor-size-sm\" href=\"https:\/\/churchwebsites.ca\/fr\/contact\/\">\n\t\t\t\t\t\t<span class=\"elementor-button-content-wrapper\">\n\t\t\t\t\t\t\t\t\t<span class=\"elementor-button-text\">J'ai besoin d'aide pour me connecter \u00e0 mes r\u00e9seaux sociaux.<\/span>\n\t\t\t\t\t<\/span>\n\t\t\t\t\t<\/a>\n\t\t\t\t<\/div>\n\t\t\t\t\t\t\t\t<\/div>\n\t\t\t\t<\/div>\n\t\t\t\t\t<\/div>\n\t\t<\/div>\n\t\t\t\t<div class=\"elementor-column elementor-col-50 elementor-top-column elementor-element elementor-element-b11aaef column-style-top\" data-id=\"b11aaef\" data-element_type=\"column\" data-settings=\"{&quot;background_background&quot;:&quot;classic&quot;}\">\n\t\t\t<div class=\"elementor-widget-wrap\">\n\t\t\t\t\t\t\t<\/div>\n\t\t<\/div>\n\t\t\t\t\t<\/div>\n\t\t<\/section>\n\t\t\t\t<\/div>\n\t\t","protected":false},"excerpt":{"rendered":"<p>Nos services R\u00e9seaux sociaux Les r\u00e9seaux sociaux jouent un r\u00f4le essentiel dans la sensibilisation et le d\u00e9veloppement communautaire des \u00e9glises modernes. Ils permettent aux \u00e9glises d&#8217;entrer en contact avec leurs [&hellip;]<\/p>\n","protected":false},"author":1,"featured_media":3774,"parent":0,"menu_order":0,"comment_status":"closed","ping_status":"closed","template":"","meta":{"footnotes":""},"class_list":["post-3951","page","type-page","status-publish","has-post-thumbnail","hentry"],"_links":{"self":[{"href":"https:\/\/churchwebsites.ca\/fr\/wp-json\/wp\/v2\/pages\/3951","targetHints":{"allow":["GET"]}}],"collection":[{"href":"https:\/\/churchwebsites.ca\/fr\/wp-json\/wp\/v2\/pages"}],"about":[{"href":"https:\/\/churchwebsites.ca\/fr\/wp-json\/wp\/v2\/types\/page"}],"author":[{"embeddable":true,"href":"https:\/\/churchwebsites.ca\/fr\/wp-json\/wp\/v2\/users\/1"}],"replies":[{"embeddable":true,"href":"https:\/\/churchwebsites.ca\/fr\/wp-json\/wp\/v2\/comments?post=3951"}],"version-history":[{"count":4,"href":"https:\/\/churchwebsites.ca\/fr\/wp-json\/wp\/v2\/pages\/3951\/revisions"}],"predecessor-version":[{"id":3959,"href":"https:\/\/churchwebsites.ca\/fr\/wp-json\/wp\/v2\/pages\/3951\/revisions\/3959"}],"wp:featuredmedia":[{"embeddable":true,"href":"https:\/\/churchwebsites.ca\/fr\/wp-json\/wp\/v2\/media\/3774"}],"wp:attachment":[{"href":"https:\/\/churchwebsites.ca\/fr\/wp-json\/wp\/v2\/media?parent=3951"}],"curies":[{"name":"wp","href":"https:\/\/api.w.org\/{rel}","templated":true}]}}