{"id":3946,"date":"2025-02-19T07:31:29","date_gmt":"2025-02-19T07:31:29","guid":{"rendered":"https:\/\/churchwebsites.ca\/signage-and-banners\/"},"modified":"2025-03-19T09:45:45","modified_gmt":"2025-03-19T09:45:45","slug":"signalisation-et-bannieres","status":"publish","type":"page","link":"https:\/\/churchwebsites.ca\/fr\/signalisation-et-bannieres\/","title":{"rendered":"Signalisation et banni\u00e8res"},"content":{"rendered":"\t\t<div data-elementor-type=\"wp-page\" data-elementor-id=\"3946\" class=\"elementor elementor-3946 elementor-3299\" data-elementor-post-type=\"page\">\n\t\t\t\t\t\t<section class=\"elementor-section elementor-top-section elementor-element elementor-element-1d6086a elementor-section-full_width elementor-section-height-default elementor-section-height-default row-top\" data-id=\"1d6086a\" data-element_type=\"section\">\n\t\t\t\t\t\t<div class=\"elementor-container elementor-column-gap-default\">\n\t\t\t\t\t<div class=\"elementor-column elementor-col-50 elementor-top-column elementor-element elementor-element-26a30a3 column-style-top\" data-id=\"26a30a3\" data-element_type=\"column\">\n\t\t\t<div class=\"elementor-widget-wrap elementor-element-populated\">\n\t\t\t\t\t\t<div class=\"elementor-element elementor-element-12356c5 elementor-widget elementor-widget-gva-heading-block\" data-id=\"12356c5\" data-element_type=\"widget\" data-widget_type=\"gva-heading-block.default\">\n\t\t\t\t<div class=\"elementor-widget-container\">\n\t\t\t\t\t<div class=\"gva-element-gva-heading-block gva-element\">      <div class=\"align-left style-1 widget gsc-heading box-align-left auto-responsive\">\r\n      <div class=\"content-inner\">\r\n         \r\n                  \r\n                     <div class=\"sub-title\"><span>Nos services<\/span><\/div>\r\n           \r\n         \r\n                     <h2 class=\"title\">\r\n               <span>Signalisation et banni\u00e8res<\/span>\r\n            <\/h2>\r\n                              <div class=\"title-desc\">Chez Churchwebsites.ca (Olton Marketing &amp; Communications), nous proposons des solutions compl\u00e8tes de signalisation, incluant des enseignes, des banni\u00e8res, des nappes et des affiches.\nNotre rayonnement s'\u00e9tend au Canada et aux \u00c9tats-Unis, gr\u00e2ce \u00e0 nos partenariats avec des entreprises de confiance pour la fabrication, l'installation et l'obtention des permis n\u00e9cessaires dans chaque ville.\nPour l'impression grand format, comme les banni\u00e8res et les affiches, nous collaborons avec des fournisseurs locaux afin de garantir efficacit\u00e9 et qualit\u00e9.\nNous prenons en charge tous les aspects, de la conception \u00e0 la logistique, en passant par l'installation et l'exp\u00e9dition, pour une exp\u00e9rience optimale pour votre \u00e9glise.\nNotre engagement envers l'excellence nous a valu la premi\u00e8re place en 2023 (Qu\u00e9bec, Canada) pour l'installation de signalisation, t\u00e9moignant ainsi de notre engagement \u00e0 fournir des r\u00e9sultats de premier ordre.\nGr\u00e2ce \u00e0 notre vaste r\u00e9seau et \u00e0 notre expertise prim\u00e9e, votre \u00e9glise est entre de bonnes mains.<\/div>\r\n         \r\n         \r\n      <\/div>\r\n   <\/div>\r\n   \r\n    <\/div>\t\t\t\t<\/div>\n\t\t\t\t<\/div>\n\t\t\t\t<div class=\"elementor-element elementor-element-e5b287a elementor-widget elementor-widget-button\" data-id=\"e5b287a\" data-element_type=\"widget\" data-widget_type=\"button.default\">\n\t\t\t\t<div class=\"elementor-widget-container\">\n\t\t\t\t\t\t\t\t\t<div class=\"elementor-button-wrapper\">\n\t\t\t\t\t<a class=\"elementor-button elementor-button-link elementor-size-sm\" href=\"https:\/\/churchwebsites.ca\/fr\/contact\/\">\n\t\t\t\t\t\t<span class=\"elementor-button-content-wrapper\">\n\t\t\t\t\t\t\t\t\t<span class=\"elementor-button-text\">Dites-nous de quel type d\u2019impression grand format vous avez besoin.<\/span>\n\t\t\t\t\t<\/span>\n\t\t\t\t\t<\/a>\n\t\t\t\t<\/div>\n\t\t\t\t\t\t\t\t<\/div>\n\t\t\t\t<\/div>\n\t\t\t\t\t<\/div>\n\t\t<\/div>\n\t\t\t\t<div class=\"elementor-column elementor-col-50 elementor-top-column elementor-element elementor-element-b885449 column-style-top\" data-id=\"b885449\" data-element_type=\"column\" data-settings=\"{&quot;background_background&quot;:&quot;classic&quot;}\">\n\t\t\t<div class=\"elementor-widget-wrap\">\n\t\t\t\t\t\t\t<\/div>\n\t\t<\/div>\n\t\t\t\t\t<\/div>\n\t\t<\/section>\n\t\t\t\t<\/div>\n\t\t","protected":false},"excerpt":{"rendered":"<p>Nos services Signalisation et banni\u00e8res Chez Churchwebsites.ca (Olton Marketing &amp; Communications), nous proposons des solutions compl\u00e8tes de signalisation, incluant des enseignes, des banni\u00e8res, des nappes et des affiches. Notre rayonnement [&hellip;]<\/p>\n","protected":false},"author":1,"featured_media":3770,"parent":0,"menu_order":0,"comment_status":"closed","ping_status":"closed","template":"","meta":{"footnotes":""},"class_list":["post-3946","page","type-page","status-publish","has-post-thumbnail","hentry"],"_links":{"self":[{"href":"https:\/\/churchwebsites.ca\/fr\/wp-json\/wp\/v2\/pages\/3946","targetHints":{"allow":["GET"]}}],"collection":[{"href":"https:\/\/churchwebsites.ca\/fr\/wp-json\/wp\/v2\/pages"}],"about":[{"href":"https:\/\/churchwebsites.ca\/fr\/wp-json\/wp\/v2\/types\/page"}],"author":[{"embeddable":true,"href":"https:\/\/churchwebsites.ca\/fr\/wp-json\/wp\/v2\/users\/1"}],"replies":[{"embeddable":true,"href":"https:\/\/churchwebsites.ca\/fr\/wp-json\/wp\/v2\/comments?post=3946"}],"version-history":[{"count":4,"href":"https:\/\/churchwebsites.ca\/fr\/wp-json\/wp\/v2\/pages\/3946\/revisions"}],"predecessor-version":[{"id":3950,"href":"https:\/\/churchwebsites.ca\/fr\/wp-json\/wp\/v2\/pages\/3946\/revisions\/3950"}],"wp:featuredmedia":[{"embeddable":true,"href":"https:\/\/churchwebsites.ca\/fr\/wp-json\/wp\/v2\/media\/3770"}],"wp:attachment":[{"href":"https:\/\/churchwebsites.ca\/fr\/wp-json\/wp\/v2\/media?parent=3946"}],"curies":[{"name":"wp","href":"https:\/\/api.w.org\/{rel}","templated":true}]}}