{"id":3938,"date":"2025-02-19T07:27:03","date_gmt":"2025-02-19T07:27:03","guid":{"rendered":"https:\/\/churchwebsites.ca\/graphics-and-printing\/"},"modified":"2025-03-19T09:43:06","modified_gmt":"2025-03-19T09:43:06","slug":"graphisme-et-impression","status":"publish","type":"page","link":"https:\/\/churchwebsites.ca\/fr\/graphisme-et-impression\/","title":{"rendered":"Graphisme et impression"},"content":{"rendered":"\t\t<div data-elementor-type=\"wp-page\" data-elementor-id=\"3938\" class=\"elementor elementor-3938 elementor-3291\" data-elementor-post-type=\"page\">\n\t\t\t\t\t\t<section class=\"elementor-section elementor-top-section elementor-element elementor-element-30b23c7 elementor-section-full_width elementor-section-height-default elementor-section-height-default row-top\" data-id=\"30b23c7\" data-element_type=\"section\">\n\t\t\t\t\t\t<div class=\"elementor-container elementor-column-gap-default\">\n\t\t\t\t\t<div class=\"elementor-column elementor-col-50 elementor-top-column elementor-element elementor-element-218459a column-style-top\" data-id=\"218459a\" data-element_type=\"column\">\n\t\t\t<div class=\"elementor-widget-wrap elementor-element-populated\">\n\t\t\t\t\t\t<div class=\"elementor-element elementor-element-4ba6e6b elementor-widget elementor-widget-gva-heading-block\" data-id=\"4ba6e6b\" data-element_type=\"widget\" data-widget_type=\"gva-heading-block.default\">\n\t\t\t\t<div class=\"elementor-widget-container\">\n\t\t\t\t\t<div class=\"gva-element-gva-heading-block gva-element\">      <div class=\"align-left style-1 widget gsc-heading box-align-left auto-responsive\">\r\n      <div class=\"content-inner\">\r\n         \r\n                  \r\n                     <div class=\"sub-title\"><span>Nos services<\/span><\/div>\r\n           \r\n         \r\n                     <h2 class=\"title\">\r\n               <span>Graphisme et impression<\/span>\r\n            <\/h2>\r\n                              <div class=\"title-desc\">Chez CHurchWebsites.ca, nous sommes ravis de vous offrir des services graphiques et d'impression exceptionnels.\nEn choisissant d'imprimer avec nous, vos graphiques et votre configuration sont offerts gratuitement, ce qui vous permet de r\u00e9aliser des \u00e9conomies substantielles.\nNotre \u00e9quipe de designers prim\u00e9s apporte une expertise in\u00e9gal\u00e9e \u00e0 chaque projet, garantissant \u00e0 votre \u00e9glise une image professionnelle et coh\u00e9rente.\nNous sommes fiers de nos r\u00e9alisations, r\u00e9compens\u00e9es par des prix, et nous sommes reconnaissants de pouvoir partager cette expertise avec vous.\nNotre objectif est de collaborer avec vous pour que votre communaut\u00e9 se sente en s\u00e9curit\u00e9 et valoris\u00e9e par ceux qui se soucient vraiment d'elle.<\/div>\r\n         \r\n         \r\n      <\/div>\r\n   <\/div>\r\n   \r\n    <\/div>\t\t\t\t<\/div>\n\t\t\t\t<\/div>\n\t\t\t\t<div class=\"elementor-element elementor-element-2b4b368 elementor-widget elementor-widget-button\" data-id=\"2b4b368\" data-element_type=\"widget\" data-widget_type=\"button.default\">\n\t\t\t\t<div class=\"elementor-widget-container\">\n\t\t\t\t\t\t\t\t\t<div class=\"elementor-button-wrapper\">\n\t\t\t\t\t<a class=\"elementor-button elementor-button-link elementor-size-sm\" href=\"https:\/\/churchwebsites.ca\/fr\/contact\/\">\n\t\t\t\t\t\t<span class=\"elementor-button-content-wrapper\">\n\t\t\t\t\t\t\t\t\t<span class=\"elementor-button-text\">Connectez-vous avec Brian et soyons cr\u00e9atifs.<\/span>\n\t\t\t\t\t<\/span>\n\t\t\t\t\t<\/a>\n\t\t\t\t<\/div>\n\t\t\t\t\t\t\t\t<\/div>\n\t\t\t\t<\/div>\n\t\t\t\t\t<\/div>\n\t\t<\/div>\n\t\t\t\t<div class=\"elementor-column elementor-col-50 elementor-top-column elementor-element elementor-element-e6f2a30 column-style-top\" data-id=\"e6f2a30\" data-element_type=\"column\" data-settings=\"{&quot;background_background&quot;:&quot;classic&quot;}\">\n\t\t\t<div class=\"elementor-widget-wrap\">\n\t\t\t\t\t\t\t<\/div>\n\t\t<\/div>\n\t\t\t\t\t<\/div>\n\t\t<\/section>\n\t\t\t\t<\/div>\n\t\t","protected":false},"excerpt":{"rendered":"<p>Nos services Graphisme et impression Chez CHurchWebsites.ca, nous sommes ravis de vous offrir des services graphiques et d&#8217;impression exceptionnels. En choisissant d&#8217;imprimer avec nous, vos graphiques et votre configuration sont [&hellip;]<\/p>\n","protected":false},"author":1,"featured_media":3761,"parent":0,"menu_order":0,"comment_status":"closed","ping_status":"closed","template":"","meta":{"footnotes":""},"class_list":["post-3938","page","type-page","status-publish","has-post-thumbnail","hentry"],"_links":{"self":[{"href":"https:\/\/churchwebsites.ca\/fr\/wp-json\/wp\/v2\/pages\/3938","targetHints":{"allow":["GET"]}}],"collection":[{"href":"https:\/\/churchwebsites.ca\/fr\/wp-json\/wp\/v2\/pages"}],"about":[{"href":"https:\/\/churchwebsites.ca\/fr\/wp-json\/wp\/v2\/types\/page"}],"author":[{"embeddable":true,"href":"https:\/\/churchwebsites.ca\/fr\/wp-json\/wp\/v2\/users\/1"}],"replies":[{"embeddable":true,"href":"https:\/\/churchwebsites.ca\/fr\/wp-json\/wp\/v2\/comments?post=3938"}],"version-history":[{"count":4,"href":"https:\/\/churchwebsites.ca\/fr\/wp-json\/wp\/v2\/pages\/3938\/revisions"}],"predecessor-version":[{"id":3942,"href":"https:\/\/churchwebsites.ca\/fr\/wp-json\/wp\/v2\/pages\/3938\/revisions\/3942"}],"wp:featuredmedia":[{"embeddable":true,"href":"https:\/\/churchwebsites.ca\/fr\/wp-json\/wp\/v2\/media\/3761"}],"wp:attachment":[{"href":"https:\/\/churchwebsites.ca\/fr\/wp-json\/wp\/v2\/media?parent=3938"}],"curies":[{"name":"wp","href":"https:\/\/api.w.org\/{rel}","templated":true}]}}