{"id":3927,"date":"2025-02-19T07:23:54","date_gmt":"2025-02-19T07:23:54","guid":{"rendered":"https:\/\/churchwebsites.ca\/emails\/"},"modified":"2025-03-19T09:40:09","modified_gmt":"2025-03-19T09:40:09","slug":"courriels","status":"publish","type":"page","link":"https:\/\/churchwebsites.ca\/fr\/courriels\/","title":{"rendered":"Courriels"},"content":{"rendered":"\t\t<div data-elementor-type=\"wp-page\" data-elementor-id=\"3927\" class=\"elementor elementor-3927 elementor-3283\" data-elementor-post-type=\"page\">\n\t\t\t\t\t\t<section class=\"elementor-section elementor-top-section elementor-element elementor-element-80564cd elementor-section-full_width elementor-section-height-default elementor-section-height-default row-top\" data-id=\"80564cd\" data-element_type=\"section\">\n\t\t\t\t\t\t<div class=\"elementor-container elementor-column-gap-default\">\n\t\t\t\t\t<div class=\"elementor-column elementor-col-50 elementor-top-column elementor-element elementor-element-318b316 column-style-top\" data-id=\"318b316\" data-element_type=\"column\">\n\t\t\t<div class=\"elementor-widget-wrap elementor-element-populated\">\n\t\t\t\t\t\t<div class=\"elementor-element elementor-element-8958227 elementor-widget elementor-widget-gva-heading-block\" data-id=\"8958227\" data-element_type=\"widget\" data-widget_type=\"gva-heading-block.default\">\n\t\t\t\t<div class=\"elementor-widget-container\">\n\t\t\t\t\t<div class=\"gva-element-gva-heading-block gva-element\">      <div class=\"align-left style-1 widget gsc-heading box-align-left auto-responsive\">\r\n      <div class=\"content-inner\">\r\n         \r\n                  \r\n                     <div class=\"sub-title\"><span>Nos services<\/span><\/div>\r\n           \r\n         \r\n                     <h2 class=\"title\">\r\n               <span>Courriels<\/span>\r\n            <\/h2>\r\n                              <div class=\"title-desc\">Avoir des adresses courriel correspondant au domaine de votre \u00e9glise, comme pastor@yourchurch.ca, est essentiel pour maintenir une image professionnelle et coh\u00e9rente.\nCes adresses courriel personnalis\u00e9es renforcent la cr\u00e9dibilit\u00e9 de votre \u00e9glise, rendant vos communications plus fiables et reconnaissables aupr\u00e8s de votre communaut\u00e9.\nElles contribuent \u00e9galement \u00e0 l'image de marque de votre \u00e9glise, garantissant que chaque interaction refl\u00e8te son identit\u00e9.\nEn utilisant des adresses courriel sp\u00e9cifiques \u00e0 votre domaine, vous cr\u00e9ez une pr\u00e9sence coh\u00e9rente et unifi\u00e9e, renfor\u00e7ant le message et la mission de votre \u00e9glise dans chaque correspondance.<\/div>\r\n         \r\n         \r\n      <\/div>\r\n   <\/div>\r\n   \r\n    <\/div>\t\t\t\t<\/div>\n\t\t\t\t<\/div>\n\t\t\t\t<div class=\"elementor-element elementor-element-dd9e8ec elementor-widget elementor-widget-button\" data-id=\"dd9e8ec\" data-element_type=\"widget\" data-widget_type=\"button.default\">\n\t\t\t\t<div class=\"elementor-widget-container\">\n\t\t\t\t\t\t\t\t\t<div class=\"elementor-button-wrapper\">\n\t\t\t\t\t<a class=\"elementor-button elementor-button-link elementor-size-sm\" href=\"https:\/\/churchwebsites.ca\/fr\/contact\/\">\n\t\t\t\t\t\t<span class=\"elementor-button-content-wrapper\">\n\t\t\t\t\t\t\t\t\t<span class=\"elementor-button-text\">Donnez-nous les noms dont vous avez besoin pour les nouveaux e-mails.<\/span>\n\t\t\t\t\t<\/span>\n\t\t\t\t\t<\/a>\n\t\t\t\t<\/div>\n\t\t\t\t\t\t\t\t<\/div>\n\t\t\t\t<\/div>\n\t\t\t\t\t<\/div>\n\t\t<\/div>\n\t\t\t\t<div class=\"elementor-column elementor-col-50 elementor-top-column elementor-element elementor-element-65a96a6 column-style-top\" data-id=\"65a96a6\" data-element_type=\"column\" data-settings=\"{&quot;background_background&quot;:&quot;classic&quot;}\">\n\t\t\t<div class=\"elementor-widget-wrap\">\n\t\t\t\t\t\t\t<\/div>\n\t\t<\/div>\n\t\t\t\t\t<\/div>\n\t\t<\/section>\n\t\t\t\t<\/div>\n\t\t","protected":false},"excerpt":{"rendered":"<p>Nos services Courriels Avoir des adresses courriel correspondant au domaine de votre \u00e9glise, comme pastor@yourchurch.ca, est essentiel pour maintenir une image professionnelle et coh\u00e9rente. Ces adresses courriel personnalis\u00e9es renforcent la [&hellip;]<\/p>\n","protected":false},"author":1,"featured_media":3759,"parent":0,"menu_order":0,"comment_status":"closed","ping_status":"closed","template":"","meta":{"footnotes":""},"class_list":["post-3927","page","type-page","status-publish","has-post-thumbnail","hentry"],"_links":{"self":[{"href":"https:\/\/churchwebsites.ca\/fr\/wp-json\/wp\/v2\/pages\/3927","targetHints":{"allow":["GET"]}}],"collection":[{"href":"https:\/\/churchwebsites.ca\/fr\/wp-json\/wp\/v2\/pages"}],"about":[{"href":"https:\/\/churchwebsites.ca\/fr\/wp-json\/wp\/v2\/types\/page"}],"author":[{"embeddable":true,"href":"https:\/\/churchwebsites.ca\/fr\/wp-json\/wp\/v2\/users\/1"}],"replies":[{"embeddable":true,"href":"https:\/\/churchwebsites.ca\/fr\/wp-json\/wp\/v2\/comments?post=3927"}],"version-history":[{"count":7,"href":"https:\/\/churchwebsites.ca\/fr\/wp-json\/wp\/v2\/pages\/3927\/revisions"}],"predecessor-version":[{"id":3937,"href":"https:\/\/churchwebsites.ca\/fr\/wp-json\/wp\/v2\/pages\/3927\/revisions\/3937"}],"wp:featuredmedia":[{"embeddable":true,"href":"https:\/\/churchwebsites.ca\/fr\/wp-json\/wp\/v2\/media\/3759"}],"wp:attachment":[{"href":"https:\/\/churchwebsites.ca\/fr\/wp-json\/wp\/v2\/media?parent=3927"}],"curies":[{"name":"wp","href":"https:\/\/api.w.org\/{rel}","templated":true}]}}