{"id":3918,"date":"2025-02-19T07:12:44","date_gmt":"2025-02-19T07:12:44","guid":{"rendered":"https:\/\/churchwebsites.ca\/easy-to-use-tools\/"},"modified":"2025-03-19T09:32:39","modified_gmt":"2025-03-19T09:32:39","slug":"des-outils-faciles-a-utiliser","status":"publish","type":"page","link":"https:\/\/churchwebsites.ca\/fr\/des-outils-faciles-a-utiliser\/","title":{"rendered":"Des outils faciles \u00e0 utiliser"},"content":{"rendered":"\t\t<div data-elementor-type=\"wp-page\" data-elementor-id=\"3918\" class=\"elementor elementor-3918 elementor-3275\" data-elementor-post-type=\"page\">\n\t\t\t\t\t\t<section class=\"elementor-section elementor-top-section elementor-element elementor-element-1c11253 elementor-section-full_width elementor-section-height-default elementor-section-height-default row-top\" data-id=\"1c11253\" data-element_type=\"section\">\n\t\t\t\t\t\t<div class=\"elementor-container elementor-column-gap-default\">\n\t\t\t\t\t<div class=\"elementor-column elementor-col-50 elementor-top-column elementor-element elementor-element-ef7737f column-style-top\" data-id=\"ef7737f\" data-element_type=\"column\">\n\t\t\t<div class=\"elementor-widget-wrap elementor-element-populated\">\n\t\t\t\t\t\t<div class=\"elementor-element elementor-element-6175952 elementor-widget elementor-widget-gva-heading-block\" data-id=\"6175952\" data-element_type=\"widget\" data-widget_type=\"gva-heading-block.default\">\n\t\t\t\t<div class=\"elementor-widget-container\">\n\t\t\t\t\t<div class=\"gva-element-gva-heading-block gva-element\">      <div class=\"align-left style-1 widget gsc-heading box-align-left auto-responsive\">\r\n      <div class=\"content-inner\">\r\n         \r\n                  \r\n                     <div class=\"sub-title\"><span>Nos services<\/span><\/div>\r\n           \r\n         \r\n                     <h2 class=\"title\">\r\n               <span>Des outils faciles \u00e0 utiliser<\/span>\r\n            <\/h2>\r\n                              <div class=\"title-desc\">Nous offrons aux \u00e9glises des outils conviviaux pour g\u00e9rer leur pr\u00e9sence en ligne en toute simplicit\u00e9.\nNous vous offrons la possibilit\u00e9 de mettre \u00e0 jour votre blog, garantissant ainsi un contenu actualis\u00e9 et attrayant.\nPour simplifier ce processus, nous proposons un tutoriel complet qui vous guide \u00e0 chaque \u00e9tape.\nDe plus, la configuration de notre messagerie est simple et s'accompagne d'un tutoriel d\u00e9taill\u00e9 pour une communication fluide.\nCes outils sont con\u00e7us pour \u00eatre simples d'utilisation, vous permettant de vous concentrer sur votre mission pendant que nous nous occupons des aspects techniques.<\/div>\r\n         \r\n         \r\n      <\/div>\r\n   <\/div>\r\n   \r\n    <\/div>\t\t\t\t<\/div>\n\t\t\t\t<\/div>\n\t\t\t\t<div class=\"elementor-element elementor-element-4e5d2f8 elementor-widget elementor-widget-button\" data-id=\"4e5d2f8\" data-element_type=\"widget\" data-widget_type=\"button.default\">\n\t\t\t\t<div class=\"elementor-widget-container\">\n\t\t\t\t\t\t\t\t\t<div class=\"elementor-button-wrapper\">\n\t\t\t\t\t<a class=\"elementor-button elementor-button-link elementor-size-sm\" href=\"https:\/\/churchwebsites.ca\/fr\/contact\/\">\n\t\t\t\t\t\t<span class=\"elementor-button-content-wrapper\">\n\t\t\t\t\t\t\t\t\t<span class=\"elementor-button-text\">Qu'aimeriez-vous apprendre ?<\/span>\n\t\t\t\t\t<\/span>\n\t\t\t\t\t<\/a>\n\t\t\t\t<\/div>\n\t\t\t\t\t\t\t\t<\/div>\n\t\t\t\t<\/div>\n\t\t\t\t\t<\/div>\n\t\t<\/div>\n\t\t\t\t<div class=\"elementor-column elementor-col-50 elementor-top-column elementor-element elementor-element-3da2742 column-style-top\" data-id=\"3da2742\" data-element_type=\"column\" data-settings=\"{&quot;background_background&quot;:&quot;classic&quot;}\">\n\t\t\t<div class=\"elementor-widget-wrap\">\n\t\t\t\t\t\t\t<\/div>\n\t\t<\/div>\n\t\t\t\t\t<\/div>\n\t\t<\/section>\n\t\t\t\t<\/div>\n\t\t","protected":false},"excerpt":{"rendered":"<p>Nos services Des outils faciles \u00e0 utiliser Nous offrons aux \u00e9glises des outils conviviaux pour g\u00e9rer leur pr\u00e9sence en ligne en toute simplicit\u00e9. Nous vous offrons la possibilit\u00e9 de mettre [&hellip;]<\/p>\n","protected":false},"author":1,"featured_media":3678,"parent":0,"menu_order":0,"comment_status":"closed","ping_status":"closed","template":"","meta":{"footnotes":""},"class_list":["post-3918","page","type-page","status-publish","has-post-thumbnail","hentry"],"_links":{"self":[{"href":"https:\/\/churchwebsites.ca\/fr\/wp-json\/wp\/v2\/pages\/3918","targetHints":{"allow":["GET"]}}],"collection":[{"href":"https:\/\/churchwebsites.ca\/fr\/wp-json\/wp\/v2\/pages"}],"about":[{"href":"https:\/\/churchwebsites.ca\/fr\/wp-json\/wp\/v2\/types\/page"}],"author":[{"embeddable":true,"href":"https:\/\/churchwebsites.ca\/fr\/wp-json\/wp\/v2\/users\/1"}],"replies":[{"embeddable":true,"href":"https:\/\/churchwebsites.ca\/fr\/wp-json\/wp\/v2\/comments?post=3918"}],"version-history":[{"count":5,"href":"https:\/\/churchwebsites.ca\/fr\/wp-json\/wp\/v2\/pages\/3918\/revisions"}],"predecessor-version":[{"id":3926,"href":"https:\/\/churchwebsites.ca\/fr\/wp-json\/wp\/v2\/pages\/3918\/revisions\/3926"}],"wp:featuredmedia":[{"embeddable":true,"href":"https:\/\/churchwebsites.ca\/fr\/wp-json\/wp\/v2\/media\/3678"}],"wp:attachment":[{"href":"https:\/\/churchwebsites.ca\/fr\/wp-json\/wp\/v2\/media?parent=3918"}],"curies":[{"name":"wp","href":"https:\/\/api.w.org\/{rel}","templated":true}]}}