{"id":3908,"date":"2025-02-19T06:53:30","date_gmt":"2025-02-19T06:53:30","guid":{"rendered":"https:\/\/churchwebsites.ca\/hosting\/"},"modified":"2025-03-19T09:29:58","modified_gmt":"2025-03-19T09:29:58","slug":"hebergement","status":"publish","type":"page","link":"https:\/\/churchwebsites.ca\/fr\/hebergement\/","title":{"rendered":"H\u00e9bergement"},"content":{"rendered":"\t\t<div data-elementor-type=\"wp-page\" data-elementor-id=\"3908\" class=\"elementor elementor-3908 elementor-3267\" data-elementor-post-type=\"page\">\n\t\t\t\t\t\t<section class=\"elementor-section elementor-top-section elementor-element elementor-element-bfcf052 elementor-section-full_width elementor-section-height-default elementor-section-height-default row-top\" data-id=\"bfcf052\" data-element_type=\"section\">\n\t\t\t\t\t\t<div class=\"elementor-container elementor-column-gap-default\">\n\t\t\t\t\t<div class=\"elementor-column elementor-col-50 elementor-top-column elementor-element elementor-element-582dfee column-style-top\" data-id=\"582dfee\" data-element_type=\"column\">\n\t\t\t<div class=\"elementor-widget-wrap elementor-element-populated\">\n\t\t\t\t\t\t<div class=\"elementor-element elementor-element-96a314e elementor-widget elementor-widget-gva-heading-block\" data-id=\"96a314e\" data-element_type=\"widget\" data-widget_type=\"gva-heading-block.default\">\n\t\t\t\t<div class=\"elementor-widget-container\">\n\t\t\t\t\t<div class=\"gva-element-gva-heading-block gva-element\">      <div class=\"align-left style-1 widget gsc-heading box-align-left auto-responsive\">\r\n      <div class=\"content-inner\">\r\n         \r\n                  \r\n                     <div class=\"sub-title\"><span>Nos services<\/span><\/div>\r\n           \r\n         \r\n                     <h2 class=\"title\">\r\n               <span>H\u00e9bergement<\/span>\r\n            <\/h2>\r\n                              <div class=\"title-desc\">Chez ChurchWebsites.ca, nous offrons des services d'h\u00e9bergement d'une valeur exceptionnelle, \u00e0 seulement 15,99 $ par mois.\nPour plus de s\u00e9curit\u00e9, notre certificat SSL est disponible \u00e0 seulement 4,99 $ par mois, garantissant la s\u00e9curit\u00e9 de votre site web et des donn\u00e9es de vos visiteurs.\nNotre forfait complet comprend l'enregistrement de domaine \u00e0 40 $ par an.\nEn h\u00e9bergeant votre site chez nous et en nous confiant la gestion de votre domaine, votre \u00e9glise b\u00e9n\u00e9ficie d'un site web gratuit et de nombreux avantages.\n\nNous incluons un pare-feu premium pour prot\u00e9ger votre site des cybermenaces, vous assurant ainsi une tranquillit\u00e9 d'esprit.\nNotre engagement \u00e0 maintenir votre site web \u00e0 jour se refl\u00e8te dans nos mises \u00e0 jour mensuelles, offertes sans frais suppl\u00e9mentaires.\nPour am\u00e9liorer la communication, nous fournissons des adresses courriel personnalis\u00e9es comme pasteur@votreeglise.ca, projetant une image professionnelle dans toutes vos interactions.\n\nDe plus, nous assurons la solidit\u00e9 de votre pr\u00e9sence en ligne en connectant votre site web aux plateformes de m\u00e9dias sociaux et \u00e0 Google, am\u00e9liorant ainsi vos efforts de rayonnement.\nEn nous choisissant, vous ne vous contentez pas d'un h\u00e9bergement\u00a0; vous investissez dans une pr\u00e9sence num\u00e9rique s\u00e9curis\u00e9e, connect\u00e9e et compl\u00e8te qui soutient la mission de votre \u00e9glise.\n\nSaisissez l'opportunit\u00e9 d'accro\u00eetre l'impact en ligne de votre \u00e9glise gr\u00e2ce \u00e0 nos solutions sur mesure.<\/div>\r\n         \r\n         \r\n      <\/div>\r\n   <\/div>\r\n   \r\n    <\/div>\t\t\t\t<\/div>\n\t\t\t\t<\/div>\n\t\t\t\t<div class=\"elementor-element elementor-element-a72b3cd elementor-widget elementor-widget-button\" data-id=\"a72b3cd\" data-element_type=\"widget\" data-widget_type=\"button.default\">\n\t\t\t\t<div class=\"elementor-widget-container\">\n\t\t\t\t\t\t\t\t\t<div class=\"elementor-button-wrapper\">\n\t\t\t\t\t<a class=\"elementor-button elementor-button-link elementor-size-sm\" href=\"https:\/\/churchwebsites.ca\/fr\/contact\/\">\n\t\t\t\t\t\t<span class=\"elementor-button-content-wrapper\">\n\t\t\t\t\t\t\t\t\t<span class=\"elementor-button-text\">Nous sommes l\u00e0 pour vous, contactez-nous.<\/span>\n\t\t\t\t\t<\/span>\n\t\t\t\t\t<\/a>\n\t\t\t\t<\/div>\n\t\t\t\t\t\t\t\t<\/div>\n\t\t\t\t<\/div>\n\t\t\t\t\t<\/div>\n\t\t<\/div>\n\t\t\t\t<div class=\"elementor-column elementor-col-50 elementor-top-column elementor-element elementor-element-aca34d3 column-style-top\" data-id=\"aca34d3\" data-element_type=\"column\" data-settings=\"{&quot;background_background&quot;:&quot;classic&quot;}\">\n\t\t\t<div class=\"elementor-widget-wrap\">\n\t\t\t\t\t\t\t<\/div>\n\t\t<\/div>\n\t\t\t\t\t<\/div>\n\t\t<\/section>\n\t\t\t\t<\/div>\n\t\t","protected":false},"excerpt":{"rendered":"<p>Nos services H\u00e9bergement Chez ChurchWebsites.ca, nous offrons des services d&#8217;h\u00e9bergement d&#8217;une valeur exceptionnelle, \u00e0 seulement 15,99 $ par mois. Pour plus de s\u00e9curit\u00e9, notre certificat SSL est disponible \u00e0 seulement [&hellip;]<\/p>\n","protected":false},"author":1,"featured_media":3757,"parent":0,"menu_order":0,"comment_status":"closed","ping_status":"closed","template":"","meta":{"footnotes":""},"class_list":["post-3908","page","type-page","status-publish","has-post-thumbnail","hentry"],"_links":{"self":[{"href":"https:\/\/churchwebsites.ca\/fr\/wp-json\/wp\/v2\/pages\/3908","targetHints":{"allow":["GET"]}}],"collection":[{"href":"https:\/\/churchwebsites.ca\/fr\/wp-json\/wp\/v2\/pages"}],"about":[{"href":"https:\/\/churchwebsites.ca\/fr\/wp-json\/wp\/v2\/types\/page"}],"author":[{"embeddable":true,"href":"https:\/\/churchwebsites.ca\/fr\/wp-json\/wp\/v2\/users\/1"}],"replies":[{"embeddable":true,"href":"https:\/\/churchwebsites.ca\/fr\/wp-json\/wp\/v2\/comments?post=3908"}],"version-history":[{"count":5,"href":"https:\/\/churchwebsites.ca\/fr\/wp-json\/wp\/v2\/pages\/3908\/revisions"}],"predecessor-version":[{"id":3917,"href":"https:\/\/churchwebsites.ca\/fr\/wp-json\/wp\/v2\/pages\/3908\/revisions\/3917"}],"wp:featuredmedia":[{"embeddable":true,"href":"https:\/\/churchwebsites.ca\/fr\/wp-json\/wp\/v2\/media\/3757"}],"wp:attachment":[{"href":"https:\/\/churchwebsites.ca\/fr\/wp-json\/wp\/v2\/media?parent=3908"}],"curies":[{"name":"wp","href":"https:\/\/api.w.org\/{rel}","templated":true}]}}