{"id":3899,"date":"2025-02-19T05:57:45","date_gmt":"2025-02-19T05:57:45","guid":{"rendered":"https:\/\/churchwebsites.ca\/custom-website-design\/"},"modified":"2025-03-19T09:26:20","modified_gmt":"2025-03-19T09:26:20","slug":"conception-de-site-web-personnalise","status":"publish","type":"page","link":"https:\/\/churchwebsites.ca\/fr\/conception-de-site-web-personnalise\/","title":{"rendered":"Conception De Site Web Personnalis\u00e9"},"content":{"rendered":"\t\t<div data-elementor-type=\"wp-page\" data-elementor-id=\"3899\" class=\"elementor elementor-3899 elementor-3255\" data-elementor-post-type=\"page\">\n\t\t\t\t\t\t<section class=\"elementor-section elementor-top-section elementor-element elementor-element-77dc572 elementor-section-full_width elementor-section-height-default elementor-section-height-default row-top\" data-id=\"77dc572\" data-element_type=\"section\">\n\t\t\t\t\t\t<div class=\"elementor-container elementor-column-gap-default\">\n\t\t\t\t\t<div class=\"elementor-column elementor-col-50 elementor-top-column elementor-element elementor-element-2e349d0 column-style-top\" data-id=\"2e349d0\" data-element_type=\"column\">\n\t\t\t<div class=\"elementor-widget-wrap elementor-element-populated\">\n\t\t\t\t\t\t<div class=\"elementor-element elementor-element-ddd69d0 elementor-widget elementor-widget-gva-heading-block\" data-id=\"ddd69d0\" data-element_type=\"widget\" data-widget_type=\"gva-heading-block.default\">\n\t\t\t\t<div class=\"elementor-widget-container\">\n\t\t\t\t\t<div class=\"gva-element-gva-heading-block gva-element\">      <div class=\"align-left style-1 widget gsc-heading box-align-left auto-responsive\">\r\n      <div class=\"content-inner\">\r\n         \r\n                  \r\n                     <div class=\"sub-title\"><span>Nos services<\/span><\/div>\r\n           \r\n         \r\n                     <h2 class=\"title\">\r\n               <span>Conception De Site Web Personnalis\u00e9<\/span>\r\n            <\/h2>\r\n                              <div class=\"title-desc\">Chez Churchwebsites.ca, nous croyons que chaque \u00e9glise a un message et une mission uniques.\nC'est pourquoi chaque site web que nous concevons est sp\u00e9cifiquement adapt\u00e9 aux besoins et \u00e0 la vision de votre \u00e9glise.\nVotre participation au processus de conception est essentielle, car elle garantit que le site web refl\u00e8te v\u00e9ritablement les valeurs et les aspirations de votre communaut\u00e9.\nNous vous accompagnons \u00e0 chaque \u00e9tape, de la consultation initiale au lancement final, pour une exp\u00e9rience fluide et sans stress.\nNotre \u00e9quipe s'engage \u00e0 comprendre votre message et \u00e0 vous aider \u00e0 le partager d'une mani\u00e8re qui r\u00e9sonne aupr\u00e8s de votre congr\u00e9gation et au-del\u00e0.\nEn travaillant en \u00e9troite collaboration avec vous, nous cr\u00e9ons une pr\u00e9sence num\u00e9rique qui non seulement repr\u00e9sente votre \u00e9glise, mais qui mobilise et inspire votre communaut\u00e9.\nEnsemble, nous pouvons rendre votre message pertinent et percutant.<\/div>\r\n         \r\n         \r\n      <\/div>\r\n   <\/div>\r\n   \r\n    <\/div>\t\t\t\t<\/div>\n\t\t\t\t<\/div>\n\t\t\t\t<div class=\"elementor-element elementor-element-7bc8dbc elementor-widget elementor-widget-button\" data-id=\"7bc8dbc\" data-element_type=\"widget\" data-widget_type=\"button.default\">\n\t\t\t\t<div class=\"elementor-widget-container\">\n\t\t\t\t\t\t\t\t\t<div class=\"elementor-button-wrapper\">\n\t\t\t\t\t<a class=\"elementor-button elementor-button-link elementor-size-sm\" href=\"https:\/\/churchwebsites.ca\/fr\/contact\/\">\n\t\t\t\t\t\t<span class=\"elementor-button-content-wrapper\">\n\t\t\t\t\t\t\t\t\t<span class=\"elementor-button-text\">Parlez directement \u00e0 Brian, organisez un appel.<\/span>\n\t\t\t\t\t<\/span>\n\t\t\t\t\t<\/a>\n\t\t\t\t<\/div>\n\t\t\t\t\t\t\t\t<\/div>\n\t\t\t\t<\/div>\n\t\t\t\t\t<\/div>\n\t\t<\/div>\n\t\t\t\t<div class=\"elementor-column elementor-col-50 elementor-top-column elementor-element elementor-element-9b6c32e column-style-top\" data-id=\"9b6c32e\" data-element_type=\"column\" data-settings=\"{&quot;background_background&quot;:&quot;classic&quot;}\">\n\t\t\t<div class=\"elementor-widget-wrap\">\n\t\t\t\t\t\t\t<\/div>\n\t\t<\/div>\n\t\t\t\t\t<\/div>\n\t\t<\/section>\n\t\t\t\t<\/div>\n\t\t","protected":false},"excerpt":{"rendered":"<p>Nos services Conception De Site Web Personnalis\u00e9 Chez Churchwebsites.ca, nous croyons que chaque \u00e9glise a un message et une mission uniques. C&#8217;est pourquoi chaque site web que nous concevons est [&hellip;]<\/p>\n","protected":false},"author":1,"featured_media":3670,"parent":0,"menu_order":0,"comment_status":"closed","ping_status":"closed","template":"","meta":{"footnotes":""},"class_list":["post-3899","page","type-page","status-publish","has-post-thumbnail","hentry"],"_links":{"self":[{"href":"https:\/\/churchwebsites.ca\/fr\/wp-json\/wp\/v2\/pages\/3899","targetHints":{"allow":["GET"]}}],"collection":[{"href":"https:\/\/churchwebsites.ca\/fr\/wp-json\/wp\/v2\/pages"}],"about":[{"href":"https:\/\/churchwebsites.ca\/fr\/wp-json\/wp\/v2\/types\/page"}],"author":[{"embeddable":true,"href":"https:\/\/churchwebsites.ca\/fr\/wp-json\/wp\/v2\/users\/1"}],"replies":[{"embeddable":true,"href":"https:\/\/churchwebsites.ca\/fr\/wp-json\/wp\/v2\/comments?post=3899"}],"version-history":[{"count":8,"href":"https:\/\/churchwebsites.ca\/fr\/wp-json\/wp\/v2\/pages\/3899\/revisions"}],"predecessor-version":[{"id":3907,"href":"https:\/\/churchwebsites.ca\/fr\/wp-json\/wp\/v2\/pages\/3899\/revisions\/3907"}],"wp:featuredmedia":[{"embeddable":true,"href":"https:\/\/churchwebsites.ca\/fr\/wp-json\/wp\/v2\/media\/3670"}],"wp:attachment":[{"href":"https:\/\/churchwebsites.ca\/fr\/wp-json\/wp\/v2\/media?parent=3899"}],"curies":[{"name":"wp","href":"https:\/\/api.w.org\/{rel}","templated":true}]}}