{"id":12086,"date":"2026-01-22T00:56:36","date_gmt":"2026-01-22T00:56:36","guid":{"rendered":"https:\/\/churchwebsites.ca\/church-website-update\/"},"modified":"2026-02-11T04:56:06","modified_gmt":"2026-02-11T04:56:06","slug":"mise-a-jour-du-site-web-de-leglise","status":"publish","type":"page","link":"https:\/\/churchwebsites.ca\/fr\/mise-a-jour-du-site-web-de-leglise\/","title":{"rendered":"Mise \u00e0 jour du site Web de l&#8217;\u00e9glise"},"content":{"rendered":"\t\t<div data-elementor-type=\"wp-page\" data-elementor-id=\"12086\" class=\"elementor elementor-12086 elementor-11459\" data-elementor-post-type=\"page\">\n\t\t\t\t\t\t<section class=\"elementor-section elementor-top-section elementor-element elementor-element-c3b2572 elementor-section-boxed elementor-section-height-default elementor-section-height-default row-top\" data-id=\"c3b2572\" data-element_type=\"section\">\n\t\t\t\t\t\t<div class=\"elementor-container elementor-column-gap-default\">\n\t\t\t\t\t<div class=\"elementor-column elementor-col-100 elementor-top-column elementor-element elementor-element-b292591 column-style-top\" data-id=\"b292591\" data-element_type=\"column\">\n\t\t\t<div class=\"elementor-widget-wrap elementor-element-populated\">\n\t\t\t\t\t\t<div class=\"elementor-element elementor-element-9b5917b elementor-widget elementor-widget-shortcode\" data-id=\"9b5917b\" data-element_type=\"widget\" data-widget_type=\"shortcode.default\">\n\t\t\t\t<div class=\"elementor-widget-container\">\n\t\t\t\t\t\t\t<div class=\"elementor-shortcode\"><div class=\"forminator-ui forminator-custom-form forminator-custom-form-12085 forminator-design--default  forminator_ajax\" data-forminator-render=\"0\" data-form=\"forminator-module-12085\" data-uid=\"6a0317048187e\"><br\/><\/div><form\r\n\t\t\t\tid=\"forminator-module-12085\"\r\n\t\t\t\tclass=\"forminator-ui forminator-custom-form forminator-custom-form-12085 forminator-design--default  forminator_ajax\"\r\n\t\t\t\tmethod=\"post\"\r\n\t\t\t\tdata-forminator-render=\"0\"\r\n\t\t\t\tdata-form-id=\"12085\"\r\n\t\t\t\tenctype=\"multipart\/form-data\" data-color-option=\"theme\" data-design=\"default\" data-grid=\"open\" style=\"display: none;\"\r\n\t\t\t\tdata-uid=\"6a0317048187e\"\r\n\t\t\t><div role=\"alert\" aria-live=\"polite\" class=\"forminator-response-message forminator-error\" aria-hidden=\"true\"><\/div><div class=\"forminator-row\"><div id=\"text-1\" class=\"forminator-field-text forminator-col forminator-col-12 \"><div class=\"forminator-field\"><label for=\"forminator-field-text-1_6a0317048187e\" id=\"forminator-field-text-1_6a0317048187e-label\" class=\"forminator-label\">Nom de l&#039;\u00e9glise\u00a0: <span class=\"forminator-required\">*<\/span><\/label><input type=\"text\" name=\"text-1\" value=\"\" placeholder=\"\" id=\"forminator-field-text-1_6a0317048187e\" class=\"forminator-input forminator-name--field\" data-required=\"1\" \/><\/div><\/div><\/div><div class=\"forminator-row\"><div id=\"url-1\" class=\"forminator-field-url forminator-col forminator-col-12 \"><div class=\"forminator-field\"><label for=\"forminator-field-url-1_6a0317048187e\" id=\"forminator-field-url-1_6a0317048187e-label\" class=\"forminator-label\">URL du site Web de l&#039;\u00e9glise\u00a0: <span class=\"forminator-required\">*<\/span><\/label><input type=\"url\" name=\"url-1\" value=\"\" placeholder=\"Exemple\u00a0: churchwebsites.ca\" id=\"forminator-field-url-1_6a0317048187e\" class=\"forminator-input forminator-website--field\" data-required=\"1\" aria-required=\"true\" \/><\/div><\/div><\/div><div class=\"forminator-row\"><div id=\"select-1\" class=\"forminator-field-select forminator-col forminator-col-12 \"><div class=\"forminator-field\"><label for=\"forminator-form-12085__field--select-1_6a0317048187e\" id=\"forminator-form-12085__field--select-1_6a0317048187e-label\" class=\"forminator-label\">S\u00e9lectionnez la page \u00e0 mettre \u00e0 jour\u00a0: <span class=\"forminator-required\">*<\/span><\/label><select  id=\"forminator-form-12085__field--select-1_6a0317048187e\" class=\"forminator-select--field forminator-select2 forminator-select2-multiple\" data-required=\"1\" name=\"select-1\" data-default-value=\"one\" data-hidden-behavior=\"zero\" data-placeholder=\"Please select an option\" data-search=\"false\" data-search-placeholder=\"Please select an option\" data-checkbox=\"false\" data-allow-clear=\"false\" aria-labelledby=\"forminator-form-12085__field--select-1_6a0317048187e-label\"><option value=\"\"  >Please select an option<\/option><option value=\"one\" selected=\"selected\" data-calculation=\"0\">Page d'accueil<\/option><option value=\"two\"  data-calculation=\"0\">Page \u00c0 propos de nous<\/option><option value=\"Missions\"  data-calculation=\"0\">Page des missions<\/option><option value=\"Ministries-Page\"  data-calculation=\"0\">Page des minist\u00e8res<\/option><option value=\"Events-blog-or-News-Page\"  data-calculation=\"0\">Page \u00c9v\u00e9nements\/blogue ou Nouvelles<\/option><option value=\"Contact-Page\"  data-calculation=\"0\">Page de contact<\/option><option value=\"Donate-Page\"  data-calculation=\"0\">Page de don<\/option><option value=\"Gallery-Page\"  data-calculation=\"0\">Page de la galerie<\/option><option value=\"Sermons-Page\"  data-calculation=\"0\">Page des sermons<\/option><option value=\"Other\"  data-calculation=\"0\">Autre<\/option><\/select><\/div><\/div><\/div><div class=\"forminator-row\"><div id=\"url-2\" class=\"forminator-field-url forminator-col forminator-col-12 \"><div class=\"forminator-field\"><label for=\"forminator-field-url-2_6a0317048187e\" id=\"forminator-field-url-2_6a0317048187e-label\" class=\"forminator-label\">Lien de la page que vous voulez mettre \u00e0 jour <span class=\"forminator-required\">*<\/span><\/label><input type=\"url\" name=\"url-2\" value=\"\" placeholder=\"\" id=\"forminator-field-url-2_6a0317048187e\" class=\"forminator-input forminator-website--field\" data-required=\"1\" aria-required=\"true\" \/><\/div><\/div><\/div><div class=\"forminator-row\"><div id=\"textarea-1\" class=\"forminator-field-textarea forminator-col forminator-col-12 \"><div class=\"forminator-field\"><label for=\"forminator-field-textarea-1_6a0317048187e\" id=\"forminator-field-textarea-1_6a0317048187e-label\" class=\"forminator-label\">Contenu ou instructions\u00a0:<\/label><textarea name=\"textarea-1\" placeholder=\"\" id=\"forminator-field-textarea-1_6a0317048187e\" class=\"forminator-textarea\" rows=\"6\" style=\"--forminator-textarea-min-height:140px;\" ><\/textarea><\/div><\/div><\/div><div class=\"forminator-row\"><div id=\"upload-1\" class=\"forminator-field-upload forminator-col forminator-col-12 \"><div class=\"forminator-field\"><label for=\"forminator-field-upload-1_6a0317048187e\" id=\"forminator-field-upload-1_6a0317048187e-label\" class=\"forminator-label\">T\u00e9l\u00e9chargez des photos (JPG ou PNG). Maximum de 5 images par t\u00e9l\u00e9versement.<\/label><span id=\"forminator-field-upload-1_6a0317048187e-description\" class=\"forminator-description\">Types de fichiers autoris\u00e9s\u00a0: JPG, PNG (SVG uniquement pour les logos et les ic\u00f4nes) Maximum de 5 images par envoi Taille maximale des fichiers\u00a0: 5\u00a0Mo par image R\u00e9solution recommand\u00e9e\u00a0: \u2022 1200\u00a0\u00d7\u00a0800\u00a0px (images standard) \u2022 1920\u00a0\u00d7\u00a01080\u00a0px (banni\u00e8res pleine largeur)<\/span><div class=\"forminator-multi-upload \" data-element=\"upload-1_6a0317048187e\" aria-describedby=\"forminator-field-upload-1_6a0317048187e-description\"><input type=\"file\" name=\"upload-1[]\" id=\"forminator-field-upload-1_6a0317048187e\" class=\"forminator-input-file forminator-field-upload-1_6a0317048187e-12085\" multiple=\"multiple\" data-method=\"ajax\" accept=\".avif,.heif,.heics,.heifs,.ttf,.otf,.eot,.woff,.woff2,.redux,.jpg,.jpeg,.jpe,.png\" data-size=\"5000000\" data-size-message=\"Maximum file size allowed is 5 MB. \" data-filetype=\"avif|heif|heics|heifs|ttf|otf|eot|woff|woff2|redux|jpg|jpeg|jpe|png\" data-filetype-message=\"file extension is not allowed.\"><div class=\"forminator-multi-upload-message\" aria-hidden=\"true\"><span class=\"forminator-icon-upload\" aria-hidden=\"true\"><\/span><p>Drag and Drop (or) <a class=\"forminator-upload-file--forminator-field-upload-1_6a0317048187e\" href=\"#\" onclick=\"return false;\">Choose Files<\/a><\/p><\/div><\/div><ul class=\"forminator-uploaded-files upload-container-upload-1_6a0317048187e\"><\/ul><\/div><\/div><\/div><div class=\"forminator-row\"><div id=\"html-1\" class=\"forminator-field-html forminator-col forminator-col-12 \"><div class=\"forminator-field forminator-merge-tags\" data-field=\"html-1\"><p><strong>NOTE&nbsp;:<\/strong><\/p>\n<ul>\n<li>Veuillez soumettre le texte final tel que vous voulez qu'il soit publi\u00e9.<\/li>\n<li>Si la demande n\u00e9cessite des modifications de conception, de mise en page ou l'ajout de nouvelles pages, nous confirmerons d'abord le d\u00e9lai.<\/li>\n<li>Le d\u00e9lai standard est <strong>12&nbsp;heures ouvrables<\/strong> pour les modifications mineures&nbsp;; les mises \u00e0 jour plus importantes seront planifi\u00e9es en cons\u00e9quence.<\/li>\n<li>Si vous avez des mises \u00e0 jour pour plusieurs pages, veuillez les soumettre s\u00e9par\u00e9ment via ce formulaire.<\/li>\n<\/ul><\/div><\/div><\/div><input type=\"hidden\" name=\"referer_url\" value=\"\" \/><div class=\"forminator-row forminator-row-last\"><div class=\"forminator-col\"><div class=\"forminator-field\"><button class=\"forminator-button forminator-button-submit\">Soumettre<\/button><\/div><\/div><\/div><input type=\"hidden\" id=\"forminator_nonce\" name=\"forminator_nonce\" value=\"776a67be81\" \/><input type=\"hidden\" name=\"_wp_http_referer\" value=\"\/fr\/wp-json\/wp\/v2\/pages\/12086\" \/><input type=\"hidden\" name=\"form_id\" value=\"12085\"><input type=\"hidden\" name=\"page_id\" value=\"12086\"><input type=\"hidden\" name=\"form_type\" value=\"default\"><input type=\"hidden\" name=\"current_url\" value=\"https:\/\/churchwebsites.ca\/fr\/mise-a-jour-du-site-web-de-leglise\/\"><input type=\"hidden\" name=\"render_id\" value=\"0\"><input type=\"hidden\" name=\"forminator-multifile-hidden\" class=\"forminator-multifile-hidden\"><input type=\"hidden\" name=\"action\" value=\"forminator_submit_form_custom-forms\"><label for=\"input_7\" class=\"forminator-hidden\" aria-hidden=\"true\">Please do not fill in this field. <input id=\"input_7\" type=\"text\" name=\"input_7\" value=\"\" autocomplete=\"off\"><\/label><\/form><\/div>\n\t\t\t\t\t\t<\/div>\n\t\t\t\t<\/div>\n\t\t\t\t\t<\/div>\n\t\t<\/div>\n\t\t\t\t\t<\/div>\n\t\t<\/section>\n\t\t\t\t<\/div>\n\t\t","protected":false},"excerpt":{"rendered":"","protected":false},"author":1,"featured_media":0,"parent":0,"menu_order":0,"comment_status":"closed","ping_status":"closed","template":"","meta":{"footnotes":""},"class_list":["post-12086","page","type-page","status-publish","hentry"],"_links":{"self":[{"href":"https:\/\/churchwebsites.ca\/fr\/wp-json\/wp\/v2\/pages\/12086","targetHints":{"allow":["GET"]}}],"collection":[{"href":"https:\/\/churchwebsites.ca\/fr\/wp-json\/wp\/v2\/pages"}],"about":[{"href":"https:\/\/churchwebsites.ca\/fr\/wp-json\/wp\/v2\/types\/page"}],"author":[{"embeddable":true,"href":"https:\/\/churchwebsites.ca\/fr\/wp-json\/wp\/v2\/users\/1"}],"replies":[{"embeddable":true,"href":"https:\/\/churchwebsites.ca\/fr\/wp-json\/wp\/v2\/comments?post=12086"}],"version-history":[{"count":4,"href":"https:\/\/churchwebsites.ca\/fr\/wp-json\/wp\/v2\/pages\/12086\/revisions"}],"predecessor-version":[{"id":12090,"href":"https:\/\/churchwebsites.ca\/fr\/wp-json\/wp\/v2\/pages\/12086\/revisions\/12090"}],"wp:attachment":[{"href":"https:\/\/churchwebsites.ca\/fr\/wp-json\/wp\/v2\/media?parent=12086"}],"curies":[{"name":"wp","href":"https:\/\/api.w.org\/{rel}","templated":true}]}}